{"id":109271,"date":"2016-01-21T11:55:19","date_gmt":"2016-01-21T09:55:19","guid":{"rendered":"https:\/\/www.geostru.eu\/iva-e-fatturazione\/"},"modified":"2019-09-26T08:51:45","modified_gmt":"2019-09-26T06:51:45","slug":"iva-y-facturacion","status":"publish","type":"page","link":"https:\/\/www.geostru.eu\/es\/iva-y-facturacion\/","title":{"rendered":"IVA y facturaci\u00f3n"},"content":{"rendered":"<div class=\"wpb-content-wrapper\"><p>[vc_row][vc_column width=\u00bb1\/4&#8243;][vc_single_image image=\u00bb19018&#8243; img_size=\u00bb130&#215;150&#8243; alignment=\u00bbcenter\u00bb css_animation=\u00bbleft-to-right\u00bb][vc_column_text]<\/p>\n<h1 style=\"text-align: center;\"><strong><em>FACTURA<\/em><\/strong><\/h1>\n<p style=\"text-align: justify;\">Las facturas de compra en este sitio son emitidas por<br \/>\n<strong>SC Engsoft SRL<\/strong><br \/>\nN\u00famero IVA RO30277934<br \/>\ncon sede en Cluj-Napoca, Str. Sarmisegetuza nr. 21\/25, Romania. Las facturas se emiten cuando se confirma el pago y las mismas se pueden descargar desde el \u00e1rea reservada al usuario o bien pueden ser enviadas email a solicitud del cliente.<br \/>\nPresentamos aqu\u00ed al lado informaci\u00f3n \u00fatil referente a la facturaci\u00f3n.<br \/>\nPara informaci\u00f3n espec\u00edfica sobre su caso, contacte nuestro asesor comercial.<br \/>\n<strong>info.es@geostru.eu<\/strong><\/p>\n<p>[\/vc_column_text][\/vc_column][vc_column width=\u00bb3\/4&#8243;][vc_tta_accordion][vc_tta_section title=\u00bbImpuesto sobre el valor agregado (IVA)\u00bb tab_id=\u00bb1453369026733-30812949-0f39&#8243;][vc_column_text]<\/p>\n<p style=\"text-align: justify;\">Los servicios ofrecidos por Engsoft SRL a la clientela internacional son producidos en Romania.<br \/>\nA partir del 01\/01\/2015, seg\u00fan las directivas de la Uni\u00f3n Europea*, los clientes privados (no sujetos pasivos de IVA) y los sujetos pasivos IVA (no inscritos al registro VIES) recibir\u00e1n las facturas con IVA.<br \/>\nPara la prestaci\u00f3n de los servicios por parte de Engsoft SRL a la clientela europea constituida por empresas o personas jur\u00eddicas con sede en la Comunidad Europea (sujetos pasivos) que est\u00e9n inscritos al registro VIES se aplica, a fines de la facturaci\u00f3n, el procedimiento de reverse-charge de conformidad con el art. 194 de la Directiva CE 2006\/112.<br \/>\nCon base en la anterior directiva las obligaciones IVA y el correspondiente d\u00e9bito est\u00e1n a cargo del cliente que recibe el servicio. Por lo tanto, en estos casos el servicio ser\u00e1 sujeto al IVA del propio pa\u00eds por parte del cliente y en su persona coincidir\u00e1n el d\u00e9bito del impuesto y el derecho a deducirlo. Una condici\u00f3n para poder aplicar el reverse-charge es poseer un n\u00famero de identificaci\u00f3n de IVA registrado en el registro VIES a efectos del intercambio comunitario de bienes y servicios.<br \/>\n*Reglamento de implementaci\u00f3n UE n. 1042\/2013 del Consejo del 07 octubre 2013<\/p>\n<p>[\/vc_column_text][\/vc_tta_section][vc_tta_section title=\u00bb\u00bfQu\u00e9 es el Reverse Charge?\u00bb tab_id=\u00bb1453369026865-1133fc72-8a82&#8243;][vc_column_text]<\/p>\n<p style=\"text-align: justify;\">El reverse charge es un mecanismo particular de aplicaci\u00f3n del IVA.<br \/>\nPara estos efectos, quien adquiere un bien o un servicio, si es sujeto pasivo en el territorio del Estado, est\u00e1 exento del impuesto en el lugar del proveedor. Este \u00faltimo emite la factura sin debitar el impuesto y aplica la norma del r\u00e9gimen del reverse charge.<br \/>\nEngsoft SRL tiene Sede en Romania, por lo tanto con base en el anterior principio, no debitar\u00e1 el IVA en la factura, si el cliente cuenta con n\u00famero de IVA, pero deber\u00e1 de todas formas contabilizar aut\u00f3nomamente contabilizar el IVA a d\u00e9bito y a cr\u00e9dito.<\/p>\n<p>[\/vc_column_text][\/vc_tta_section][vc_tta_section title=\u00bb\u00bfQu\u00e9 es el VIES?\u00bb tab_id=\u00bb1453369343626-ebd89f0c-b924&#8243;][vc_column_text]<\/p>\n<p style=\"text-align: justify;\">El VIES (VAT Information Exchange System) es un sistema electr\u00f3nico de validaci\u00f3n de n\u00fameros de IVA de los agentes econ\u00f3micos registrados en la Uni\u00f3n Europea para operaciones transfronterizas de bienes y servicios.<br \/>\nEste sistema de intercambio autom\u00e1tico entre las administraciones financieras de los Estados miembros de la Uni\u00f3n Europea est\u00e1 activo desde el 1 enero 1993 y su finalidad es el control de las transacciones comerciales en el \u00e1mbito comunitario y de los sujetos pasivos IVA.<\/p>\n<p>[\/vc_column_text][\/vc_tta_section][vc_tta_section title=\u00bb\u00bfPor qu\u00e9 debo registrarme en el VIES?\u00bb tab_id=\u00bb1453369415282-17ec6bad-42a9&#8243;][vc_column_text]<\/p>\n<p style=\"text-align: justify;\">Si cuentas con un N\u00famero de IVA y deseas recibir una factura con el monto neto de IVA, es necesario que te inscribas al VIES.<br \/>\nEste sistema controla las transacciones comerciales al interno de la Uni\u00f3n Europea y entre los poseedores de n\u00famero de IVA.<br \/>\nYa que Engsoft SRL tiene sede en Romania, todos los servicios son proporcionados desde Romania. Para poder recibir una factura con el neto de IVA, tu n\u00famero de IVA debe estar activado para intercambios comerciales al interno de Uni\u00f3n Europea.<\/p>\n<p>[\/vc_column_text][\/vc_tta_section][vc_tta_section title=\u00bb\u00bfC\u00f3mo me inscribo en el VIES?\u00bb tab_id=\u00bb1453369630507-eebde5c9-566d\u00bb][vc_column_text]<\/p>\n<p style=\"text-align: justify;\">Para inscribirse en el registro VIES es necesario comunicarse con la administraci\u00f3n tributaria del propio pa\u00eds sede.<\/p>\n<p style=\"text-align: justify;\">[\/vc_column_text][\/vc_tta_section][vc_tta_section title=\u00bb\u00bfQu\u00e9 es el Intrastat?\u00bb tab_id=\u00bb1453369755879-4f428dce-4c86&#8243;][vc_column_text]<\/p>\n<p style=\"text-align: justify;\">Intrastat es una normativa europea, que nace como consecuencia de la necesidad de conocer las estad\u00edsticas de comercio consecuencia de todos los movimientos de mercanc\u00eda, compra o venta, que realizan todos los pa\u00edses miembros. El Sistema Intrastat es el conjunto de medidas que garantizan el cumplimiento de dos importantes funciones:<\/p>\n<ul>\n<li class=\"topic-page-element blockelement\" style=\"text-align: justify;\">El control fiscal de los intercambios de bienes y servicios dentro de la Uni\u00f3n Europea, efectuados por los operadores nacionales con el resto de la Comunidad.<\/li>\n<li class=\"topic-page-element blockelement\" style=\"text-align: justify;\">Las estad\u00edsticas sobre el intercambio de bienes y servicios efectuados por los operadores nacionales con el resto de la Comunidad.<\/li>\n<li class=\"topic-page-element blockelement\" style=\"text-align: justify;\">Con este fin, las autoridades de los Estados miembros han adoptado, en acato de las directivas comunitarias espec\u00edficas, normas destinadas a regular los aspectos fiscales y estad\u00edsticos relacionados con estas operaciones.<\/li>\n<\/ul>\n<p>[\/vc_column_text][\/vc_tta_section][\/vc_tta_accordion][\/vc_column][\/vc_row]<\/p>\n<\/div>","protected":false},"excerpt":{"rendered":"<p>[vc_row][vc_column width=\u00bb1\/4&#8243;][vc_single_image image=\u00bb19018&#8243; img_size=\u00bb130&#215;150&#8243; alignment=\u00bbcenter\u00bb css_animation=\u00bbleft-to-right\u00bb][vc_column_text] FACTURA Las facturas de compra en este sitio son emitidas por SC Engsoft SRL N\u00famero IVA RO30277934 con sede en Cluj-Napoca, Str. Sarmisegetuza nr. 21\/25, Romania. Las facturas se emiten cuando se confirma el pago y las mismas se pueden descargar desde el \u00e1rea reservada al usuario o bien&hellip;<\/p>\n","protected":false},"author":10361,"featured_media":0,"parent":0,"menu_order":0,"comment_status":"closed","ping_status":"closed","template":"","meta":{"footnotes":""},"class_list":["post-109271","page","type-page","status-publish","hentry","description-off"],"yoast_head":"<!-- This site is optimized with the Yoast SEO Premium plugin v25.0 (Yoast SEO v25.0) - https:\/\/yoast.com\/wordpress\/plugins\/seo\/ -->\n<title>IVA y facturaci\u00f3n - GeoStru<\/title>\n<meta name=\"robots\" content=\"index, follow, max-snippet:-1, max-image-preview:large, max-video-preview:-1\" \/>\n<link rel=\"canonical\" href=\"https:\/\/www.geostru.eu\/es\/iva-y-facturacion\/\" \/>\n<meta property=\"og:locale\" content=\"es_ES\" \/>\n<meta property=\"og:type\" content=\"article\" \/>\n<meta property=\"og:title\" content=\"IVA y facturaci\u00f3n\" \/>\n<meta property=\"og:description\" content=\"[vc_row][vc_column width=\u00bb1\/4&#8243;][vc_single_image image=\u00bb19018&#8243; img_size=\u00bb130&#215;150&#8243; alignment=\u00bbcenter\u00bb css_animation=\u00bbleft-to-right\u00bb][vc_column_text] FACTURA Las facturas de compra en este sitio son emitidas por SC Engsoft SRL N\u00famero IVA RO30277934 con sede en Cluj-Napoca, Str. Sarmisegetuza nr. 21\/25, Romania. Las facturas se emiten cuando se confirma el pago y las mismas se pueden descargar desde el \u00e1rea reservada al usuario o bien&hellip;\" \/>\n<meta property=\"og:url\" content=\"https:\/\/www.geostru.eu\/es\/iva-y-facturacion\/\" \/>\n<meta property=\"og:site_name\" content=\"GeoStru\" \/>\n<meta property=\"article:publisher\" content=\"https:\/\/www.facebook.com\/GeoStruSoftware\/\" \/>\n<meta property=\"article:modified_time\" content=\"2019-09-26T06:51:45+00:00\" \/>\n<meta name=\"twitter:card\" content=\"summary_large_image\" \/>\n<meta name=\"twitter:site\" content=\"@geostru\" \/>\n<meta name=\"twitter:label1\" content=\"Tiempo de lectura\" \/>\n\t<meta name=\"twitter:data1\" content=\"5 minutos\" \/>\n<script type=\"application\/ld+json\" class=\"yoast-schema-graph\">{\"@context\":\"https:\/\/schema.org\",\"@graph\":[{\"@type\":\"WebPage\",\"@id\":\"https:\/\/www.geostru.eu\/es\/iva-y-facturacion\/\",\"url\":\"https:\/\/www.geostru.eu\/es\/iva-y-facturacion\/\",\"name\":\"IVA y facturaci\u00f3n - GeoStru\",\"isPartOf\":{\"@id\":\"https:\/\/www.geostru.eu\/es\/#website\"},\"datePublished\":\"2016-01-21T09:55:19+00:00\",\"dateModified\":\"2019-09-26T06:51:45+00:00\",\"breadcrumb\":{\"@id\":\"https:\/\/www.geostru.eu\/es\/iva-y-facturacion\/#breadcrumb\"},\"inLanguage\":\"es\",\"potentialAction\":[{\"@type\":\"ReadAction\",\"target\":[\"https:\/\/www.geostru.eu\/es\/iva-y-facturacion\/\"]}]},{\"@type\":\"BreadcrumbList\",\"@id\":\"https:\/\/www.geostru.eu\/es\/iva-y-facturacion\/#breadcrumb\",\"itemListElement\":[{\"@type\":\"ListItem\",\"position\":1,\"name\":\"Home\",\"item\":\"https:\/\/www.geostru.eu\/es\/\"},{\"@type\":\"ListItem\",\"position\":2,\"name\":\"IVA y facturaci\u00f3n\"}]},{\"@type\":\"WebSite\",\"@id\":\"https:\/\/www.geostru.eu\/es\/#website\",\"url\":\"https:\/\/www.geostru.eu\/es\/\",\"name\":\"GeoStru\",\"description\":\"Professionals at your service\",\"publisher\":{\"@id\":\"https:\/\/www.geostru.eu\/es\/#organization\"},\"potentialAction\":[{\"@type\":\"SearchAction\",\"target\":{\"@type\":\"EntryPoint\",\"urlTemplate\":\"https:\/\/www.geostru.eu\/es\/?s={search_term_string}\"},\"query-input\":{\"@type\":\"PropertyValueSpecification\",\"valueRequired\":true,\"valueName\":\"search_term_string\"}}],\"inLanguage\":\"es\"},{\"@type\":\"Organization\",\"@id\":\"https:\/\/www.geostru.eu\/es\/#organization\",\"name\":\"GeoStru\",\"url\":\"https:\/\/www.geostru.eu\/es\/\",\"logo\":{\"@type\":\"ImageObject\",\"inLanguage\":\"es\",\"@id\":\"https:\/\/www.geostru.eu\/es\/#\/schema\/logo\/image\/\",\"url\":\"https:\/\/www.geostru.eu\/wp-content\/uploads\/2023\/02\/LOGO_GEOSTRU_educational_banner.png\",\"contentUrl\":\"https:\/\/www.geostru.eu\/wp-content\/uploads\/2023\/02\/LOGO_GEOSTRU_educational_banner.png\",\"width\":363,\"height\":115,\"caption\":\"GeoStru\"},\"image\":{\"@id\":\"https:\/\/www.geostru.eu\/es\/#\/schema\/logo\/image\/\"},\"sameAs\":[\"https:\/\/www.facebook.com\/GeoStruSoftware\/\",\"https:\/\/x.com\/geostru\",\"https:\/\/www.linkedin.com\/company\/2462488\/admin\/\",\"https:\/\/www.instagram.com\/geostru\/\"]}]}<\/script>\n<!-- \/ Yoast SEO Premium plugin. -->","yoast_head_json":{"title":"IVA y facturaci\u00f3n - GeoStru","robots":{"index":"index","follow":"follow","max-snippet":"max-snippet:-1","max-image-preview":"max-image-preview:large","max-video-preview":"max-video-preview:-1"},"canonical":"https:\/\/www.geostru.eu\/es\/iva-y-facturacion\/","og_locale":"es_ES","og_type":"article","og_title":"IVA y facturaci\u00f3n","og_description":"[vc_row][vc_column width=\u00bb1\/4&#8243;][vc_single_image image=\u00bb19018&#8243; img_size=\u00bb130&#215;150&#8243; alignment=\u00bbcenter\u00bb css_animation=\u00bbleft-to-right\u00bb][vc_column_text] FACTURA Las facturas de compra en este sitio son emitidas por SC Engsoft SRL N\u00famero IVA RO30277934 con sede en Cluj-Napoca, Str. Sarmisegetuza nr. 21\/25, Romania. Las facturas se emiten cuando se confirma el pago y las mismas se pueden descargar desde el \u00e1rea reservada al usuario o bien&hellip;","og_url":"https:\/\/www.geostru.eu\/es\/iva-y-facturacion\/","og_site_name":"GeoStru","article_publisher":"https:\/\/www.facebook.com\/GeoStruSoftware\/","article_modified_time":"2019-09-26T06:51:45+00:00","twitter_card":"summary_large_image","twitter_site":"@geostru","twitter_misc":{"Tiempo de lectura":"5 minutos"},"schema":{"@context":"https:\/\/schema.org","@graph":[{"@type":"WebPage","@id":"https:\/\/www.geostru.eu\/es\/iva-y-facturacion\/","url":"https:\/\/www.geostru.eu\/es\/iva-y-facturacion\/","name":"IVA y facturaci\u00f3n - GeoStru","isPartOf":{"@id":"https:\/\/www.geostru.eu\/es\/#website"},"datePublished":"2016-01-21T09:55:19+00:00","dateModified":"2019-09-26T06:51:45+00:00","breadcrumb":{"@id":"https:\/\/www.geostru.eu\/es\/iva-y-facturacion\/#breadcrumb"},"inLanguage":"es","potentialAction":[{"@type":"ReadAction","target":["https:\/\/www.geostru.eu\/es\/iva-y-facturacion\/"]}]},{"@type":"BreadcrumbList","@id":"https:\/\/www.geostru.eu\/es\/iva-y-facturacion\/#breadcrumb","itemListElement":[{"@type":"ListItem","position":1,"name":"Home","item":"https:\/\/www.geostru.eu\/es\/"},{"@type":"ListItem","position":2,"name":"IVA y facturaci\u00f3n"}]},{"@type":"WebSite","@id":"https:\/\/www.geostru.eu\/es\/#website","url":"https:\/\/www.geostru.eu\/es\/","name":"GeoStru","description":"Professionals at your service","publisher":{"@id":"https:\/\/www.geostru.eu\/es\/#organization"},"potentialAction":[{"@type":"SearchAction","target":{"@type":"EntryPoint","urlTemplate":"https:\/\/www.geostru.eu\/es\/?s={search_term_string}"},"query-input":{"@type":"PropertyValueSpecification","valueRequired":true,"valueName":"search_term_string"}}],"inLanguage":"es"},{"@type":"Organization","@id":"https:\/\/www.geostru.eu\/es\/#organization","name":"GeoStru","url":"https:\/\/www.geostru.eu\/es\/","logo":{"@type":"ImageObject","inLanguage":"es","@id":"https:\/\/www.geostru.eu\/es\/#\/schema\/logo\/image\/","url":"https:\/\/www.geostru.eu\/wp-content\/uploads\/2023\/02\/LOGO_GEOSTRU_educational_banner.png","contentUrl":"https:\/\/www.geostru.eu\/wp-content\/uploads\/2023\/02\/LOGO_GEOSTRU_educational_banner.png","width":363,"height":115,"caption":"GeoStru"},"image":{"@id":"https:\/\/www.geostru.eu\/es\/#\/schema\/logo\/image\/"},"sameAs":["https:\/\/www.facebook.com\/GeoStruSoftware\/","https:\/\/x.com\/geostru","https:\/\/www.linkedin.com\/company\/2462488\/admin\/","https:\/\/www.instagram.com\/geostru\/"]}]}},"_links":{"self":[{"href":"https:\/\/www.geostru.eu\/es\/wp-json\/wp\/v2\/pages\/109271"}],"collection":[{"href":"https:\/\/www.geostru.eu\/es\/wp-json\/wp\/v2\/pages"}],"about":[{"href":"https:\/\/www.geostru.eu\/es\/wp-json\/wp\/v2\/types\/page"}],"author":[{"embeddable":true,"href":"https:\/\/www.geostru.eu\/es\/wp-json\/wp\/v2\/users\/10361"}],"replies":[{"embeddable":true,"href":"https:\/\/www.geostru.eu\/es\/wp-json\/wp\/v2\/comments?post=109271"}],"version-history":[{"count":0,"href":"https:\/\/www.geostru.eu\/es\/wp-json\/wp\/v2\/pages\/109271\/revisions"}],"wp:attachment":[{"href":"https:\/\/www.geostru.eu\/es\/wp-json\/wp\/v2\/media?parent=109271"}],"curies":[{"name":"wp","href":"https:\/\/api.w.org\/{rel}","templated":true}]}}