{"id":30987,"date":"2022-06-26T15:24:54","date_gmt":"2022-06-26T13:24:54","guid":{"rendered":"https:\/\/www.geostru.eu\/shop\/uncategorized\/software-di-calcolo-strutturale-edifici-in-ca\/"},"modified":"2026-04-03T18:21:17","modified_gmt":"2026-04-03T16:21:17","slug":"software-di-calcolo-strutturale-edifici-in-ca","status":"publish","type":"product","link":"https:\/\/www.geostru.eu\/en\/shop\/software-en\/software-di-calcolo-strutturale-edifici-in-ca\/","title":{"rendered":"Software calcolo strutturale Edifici in CA"},"content":{"rendered":"<p style=\"text-align: justify\"><span style=\"font-weight: 400\">Software di calcolo strutturale edifici multipiano in Cemento Armato &#8211; <strong>Edifici in C.A.<\/strong> Tra le novit\u00e0 introdotte dalle <\/span><b>Norme Tecniche delle Costruzion<\/b><span style=\"font-weight: 400\"><a href=\"http:\/\/www.cslp.it\/cslp\/index.php?option=com_content&amp;task=view&amp;id=66&amp;Itemid=1\" target=\"_blank\" rel=\"noopener noreferrer\">i<\/a> si segnala la determinazione delle azioni sismiche (con la previsione di una differente formulazione degli spettri di risposta e <\/span><b>valori di accelerazione sismica diversi da sito a sito anche nell\u2019ambito della stessa zona sismica<\/b><span style=\"font-weight: 400\">), l\u2019obbligo delle verifiche secondo<\/span><b> il principio della gerarchia delle resistenze <\/b><span style=\"font-weight: 400\">anche se si opera<\/span><b> in bassa duttilit\u00e0<\/b><span style=\"font-weight: 400\">, l\u2019introduzione di un nuovo stato limite <\/span><b>(di Operativit\u00e0)<\/b><span style=\"font-weight: 400\"> per gli edifici di maggiore importanza, un ulteriore avvicinamento delle verifiche sezionali <\/span><b>(agli stati limite)<\/b><span style=\"font-weight: 400\"> alle modalit\u00e0 previste dalle nuove versioni degli eurocodici: <\/span><b><a href=\"http:\/\/eurocodes.jrc.ec.europa.eu\/\" target=\"_blank\" rel=\"noopener noreferrer\">EC2 ed EC8<\/a><\/b><span style=\"font-weight: 400\">.<\/span><\/p>\n<p style=\"text-align: justify\"><b>INPUT<\/b><\/p>\n<p style=\"text-align: justify\"><span style=\"font-weight: 400\">Input rapidissimo anche per i progetti di edifici con elevato numero di piani, il comando \u00a0\u201cCopia piano\u201d consente di copiare gli elementi da un piano all\u2019altro: pilastri, travi, solai\u2026<\/span><span style=\"font-weight: 400\"><br \/>\n<\/span><span style=\"font-weight: 400\">Importazione da <strong>DXF<\/strong> della disposizione dei pilastri e delle linee che individuano la posizione dei vari elementi strutturali per tutti i piani dell\u2019edificio. Facile creazione del modello attraverso numerose funzioni <\/span><i><span style=\"font-weight: 400\">Drag&amp;drop<\/span><\/i><span style=\"font-weight: 400\">.<\/span><\/p>\n<p style=\"text-align: justify\"><b>ARCHIVI<\/b><span style=\"font-weight: 400\"><br \/>\n<\/span><\/p>\n<p style=\"text-align: justify\"><span style=\"font-weight: 400\">\u00c8 possibile personalizzare gli Archivi di Progetto: materiali, sezione travi, sezione pilastri, platee, pali di fondazione, solai.. con lo scopo di renderli pi\u00f9 adatti alle proprie esigenze.\u00a0<\/span><span style=\"font-weight: 400\"><br \/>\n<\/span><span style=\"font-weight: 400\"><br \/>\n<\/span><b>CALCOLO<\/b><\/p>\n<p style=\"text-align: justify\"><span style=\"font-weight: 400\">Il calcolo si sviluppa risolvendo <\/span><b>un telaio tridimensionale con il \u00a0metodo degli \u00a0spostamenti<\/b><span style=\"font-weight: 400\">, l\u2019utente pu\u00f2 scegliere tra diverse tipologie di analisi: <\/span><b>Analisi statica non lineare, sismica statica, sismica dinamica (con spettri di risposta).<\/b><\/p>\n<p style=\"text-align: justify\"><b>Dimensionamento e Verifica degli Elementi strutturali\u00a0<\/b><span style=\"font-weight: 400\"> a presso e tenso-flessione deviata, taglio e torsione, <\/span><b>progetto delle armature e delle staffe<\/b><span style=\"font-weight: 400\">\u00a0sia con il \u00a0Metodo agli Stati Limite (tenendo conto dei\u00a0<\/span><b>Criteri di Gerarchia delle Resistenze<\/b><span style=\"font-weight: 400\">) sia alle Tensioni Ammissibili (ancora utilizzabile per i soli edifici ricadenti in zone a bassa sismicit\u00e0).<\/span><\/p>\n<p style=\"text-align: justify\"><b>Tipologie Strutturali di Fondazione &#8211; <\/b><span style=\"font-weight: 400\">Graticci di travi su suolo elastico alla Winkler, Plinti superficiali (anche a bicchiere) su suolo elastico collegati tra loro da travi semplici o alla Winkler, Platee su suolo elastico semplici e nervate, Pali e micropali anche inclinati, Plinti su pali (predefiniti su 1, 2, 4, 5, 6, 8, 9 pali), Platee semplici o nervate su pali.<\/span><\/p>\n<p style=\"text-align: justify\"><span style=\"font-weight: 400\">Per ogni combinazione di carico vengono visualizzati:<\/span><\/p>\n<ul>\n<li style=\"list-style-type: none\">\n<ul style=\"text-align: justify\">\n<li><span style=\"font-weight: 400\"> gli spostamenti dei nodi e le reazioni nei nodi vincolati; <\/span><\/li>\n<li><span style=\"font-weight: 400\"> gli sforzi nelle travi, nei pilastri, nelle pareti nei pali e nei plinti; <\/span><\/li>\n<li><span style=\"font-weight: 400\"> le armature di predimensionamento di travi e pilastri successivamente organizzate nei vari contesti previsti \u00a0di cui al \u00a7 2.4 in cui vengono fornite le disposizioni esecutive e le verifiche dettagliate finali sezione per sezione. <\/span><\/li>\n<\/ul>\n<\/li>\n<\/ul>\n<p style=\"text-align: justify\"><span style=\"font-weight: 400\">Nel caso di calcolo sismico vengono rappresentati anche i risultati dell&#8217;analisi modale. <\/span><span style=\"font-weight: 400\"><br \/>\n<\/span><span style=\"font-weight: 400\">Per ogni periodo proprio selezionato dall&#8217;utente vengono visualizzati in tabella gli spostamenti dei nodi (autovettori) nonch\u00e8 la corrispondente % di massa partecipante nelle direzione X e Y del sisma. Gli stessi spostamenti modali sono rappresentati sia piano per piano nelle piante (grafico 2D) che complessivamente nel grafico assonometrico (3D).<\/span><\/p>\n<p style=\"text-align: justify\"><span style=\"font-weight: 400\">Il programma, in accordo alle attuali disposizioni, considera tutte le\u00a0<\/span><b>combinazioni di carico<\/b><span style=\"font-weight: 400\">\u00a0nei riguardi di tutti gli Stati Limite (SLU, SLE) tenendo conto anche delle <\/span><b>eccentricit\u00e0 accidentali delle azioni sismiche<\/b><span style=\"font-weight: 400\"> in entrambe le direzioni d\u2019ingresso del sisma. Si tiene inoltre conto della dimensione finita delle sezioni e dell&#8217;ingombro finito dei nodi e degli effetti della fessurazione.\u00a0<\/span><\/p>\n<p style=\"text-align: justify\"><b>\u00a0OUTPUT E VISUALIZZAZIONE 3D DEI RISULTATI<br \/>\n<\/b><\/p>\n<p style=\"text-align: justify\"><span style=\"font-weight: 400\">Relazioni conformi al Cap. 10 delle Norme Tecniche delle Costruzioni (D.M.14\/01\/2008 e C.M.02\/02\/2009).<br \/>\n<\/span><span style=\"font-weight: 400\">Stampa in formato PDF dei disegni esecutivi e della distinta delle armature degli elementi strutturali dell\u2019edificio.<br \/>\n<\/span><span style=\"line-height: 1.5\">Esportazione in \u201cDXF\u201d \u00a0delle piante degli impalcati, delle armature delle travi, dei pilastri\u2026 con possibilit\u00e0 di elaborazione su CAD esterni.<br \/>\n<\/span><span style=\"font-weight: 400\">Effettuato il calcolo \u00e8 possibile visualizzare i risultati dell&#8217;elaborazione, quali\u00a0<\/span><b>Baricentri<\/b><span style=\"font-weight: 400\">\u00a0e\u00a0<\/span><b>Spostamenti<\/b><span style=\"font-weight: 400\"> per ogni impalcato dell\u2019edificio. E\u2019 anche possibile visualizzare e stampare, nella visione 3D dell&#8217;edificio, i diagrammi delle Sollecitazioni e degli Spostamenti di tutti gli elementi strutturali per ogni combinazione di carico.<\/span><span style=\"font-weight: 400\"><br \/>\n<\/span><span style=\"font-weight: 400\"><br \/>\n<\/span><b>MODULI INTEGRATI<\/b><b><br \/>\n<\/b><\/p>\n<p style=\"text-align: justify\"><span style=\"font-weight: 400\">Redazione automatica del piano di manutenzione secondo le normative vigenti.<br \/>\n<\/span><span style=\"font-weight: 400\">Calcolo di: Scale, Solai, Plinti a bicchiere, Portanza di fondazioni superficiali e profonde\u2026<\/span><\/p>\n<p style=\"text-align: justify\">\n","protected":false},"excerpt":{"rendered":"<p style=\"text-align: justify\"><span style=\"font-weight: 400\">Analisi, calcolo strutturale di edifici multipiano in cemento armato, anche in zona sismica,\u00a0in conformit\u00e0 alle Nuove Norme Tecniche per le Costruzioni (NTC). <\/span><\/p>\n<p style=\"text-align: justify\"><span style=\"font-weight: 400\">Disegno delle Armature degli elementi strutturali.<\/span><\/p>\n<p style=\"text-align: justify\"><strong>EDIFICI C.A.\u00a0<\/strong>fornisce un progetto strutturale completo, inclusi i disegni esecutivi e le relazioni di calcolo.<\/p>\n<p style=\"text-align: justify\">Il software si caratterizza per l\u2019affidabilit\u00e0 di modellazione, per la semplicit\u00e0 di input e la velocit\u00e0 di esecuzione.<\/p>\n<p style=\"text-align: justify\"><a href=\"https:\/\/youtu.be\/aMNW8ISPYMA\" target=\"_blank\" rel=\"noopener noreferrer\">Video Introduttivo Edifici in CA<\/a><\/p>\n<p>&nbsp;<\/p>\n<blockquote>\n<h4 style=\"text-align: center\"><span style=\"font-size: 14pt\"><strong>AVAILABLE ONLY IN ITALIAN<\/strong><\/span><\/h4>\n<\/blockquote>\n","protected":false},"featured_media":21274,"comment_status":"open","ping_status":"closed","template":"","meta":[],"product_cat":[198,14],"product_tag":[473],"class_list":{"0":"post-30987","1":"product","2":"type-product","3":"status-publish","4":"has-post-thumbnail","6":"product_cat-software-en","7":"product_cat-structures-software","8":"product_tag-buildings","9":"description-off","11":"first","12":"instock","13":"featured","14":"downloadable","15":"virtual","16":"sold-individually","17":"taxable","18":"purchasable","19":"product-type-licensed"},"yoast_head":"<!-- This site is optimized with the Yoast SEO Premium plugin v25.0 (Yoast SEO v25.0) - https:\/\/yoast.com\/wordpress\/plugins\/seo\/ -->\n<title>Software calcolo strutturale Edifici in CA<\/title>\n<meta name=\"description\" content=\"Software calcolo strutturale Edifici in CA per l\u2019analisi e il calcolo strutturale di edifici multipiano in cemento armato, in zona sismica e non\" \/>\n<meta name=\"robots\" content=\"index, follow, max-snippet:-1, max-image-preview:large, max-video-preview:-1\" \/>\n<link rel=\"canonical\" href=\"https:\/\/www.geostru.eu\/en\/shop\/software-en\/software-di-calcolo-strutturale-edifici-in-ca\/\" \/>\n<meta property=\"og:locale\" content=\"en_US\" \/>\n<meta property=\"og:type\" content=\"article\" \/>\n<meta property=\"og:title\" content=\"Software calcolo strutturale Edifici in CA\" \/>\n<meta property=\"og:description\" content=\"Software calcolo strutturale Edifici in CA per l\u2019analisi e il calcolo strutturale di edifici multipiano in cemento armato, in zona sismica e non\" \/>\n<meta property=\"og:url\" content=\"https:\/\/www.geostru.eu\/en\/shop\/software-en\/software-di-calcolo-strutturale-edifici-in-ca\/\" \/>\n<meta property=\"og:site_name\" content=\"GeoStru EU\" \/>\n<meta property=\"article:publisher\" content=\"https:\/\/www.facebook.com\/GeoStruSoftware\/\" \/>\n<meta property=\"article:modified_time\" content=\"2026-04-03T16:21:17+00:00\" \/>\n<meta property=\"og:image\" content=\"https:\/\/www.geostru.eu\/wp-content\/uploads\/2015\/05\/EDCA1.png\" \/>\n\t<meta property=\"og:image:width\" content=\"1916\" \/>\n\t<meta property=\"og:image:height\" content=\"1035\" \/>\n\t<meta property=\"og:image:type\" content=\"image\/png\" \/>\n<meta name=\"twitter:card\" content=\"summary_large_image\" \/>\n<meta name=\"twitter:site\" content=\"@geostru\" \/>\n<meta name=\"twitter:label1\" content=\"Price\" \/>\n\t<meta name=\"twitter:data1\" content=\"&euro;790.00 exc. VAT\" \/>\n\t<meta name=\"twitter:label2\" content=\"Availability\" \/>\n\t<meta name=\"twitter:data2\" content=\"In stock\" \/>\n<script type=\"application\/ld+json\" class=\"yoast-schema-graph\">{\"@context\":\"https:\/\/schema.org\",\"@graph\":[{\"@type\":\"WebPage\",\"@id\":\"https:\/\/www.geostru.eu\/en\/shop\/software-en\/software-di-calcolo-strutturale-edifici-in-ca\/\",\"url\":\"https:\/\/www.geostru.eu\/en\/shop\/software-en\/software-di-calcolo-strutturale-edifici-in-ca\/\",\"name\":\"Software calcolo strutturale Edifici in CA\",\"isPartOf\":{\"@id\":\"https:\/\/www.geostru.eu\/en\/#website\"},\"primaryImageOfPage\":{\"@id\":\"https:\/\/www.geostru.eu\/en\/shop\/software-en\/software-di-calcolo-strutturale-edifici-in-ca\/#primaryimage\"},\"image\":{\"@id\":\"https:\/\/www.geostru.eu\/en\/shop\/software-en\/software-di-calcolo-strutturale-edifici-in-ca\/#primaryimage\"},\"thumbnailUrl\":\"https:\/\/www.geostru.eu\/wp-content\/uploads\/2015\/05\/EDCA1.png\",\"datePublished\":\"2022-06-26T13:24:54+00:00\",\"dateModified\":\"2026-04-03T16:21:17+00:00\",\"description\":\"Software calcolo strutturale Edifici in CA per l\u2019analisi e il calcolo strutturale di edifici multipiano in cemento armato, in zona sismica e non\",\"breadcrumb\":{\"@id\":\"https:\/\/www.geostru.eu\/en\/shop\/software-en\/software-di-calcolo-strutturale-edifici-in-ca\/#breadcrumb\"},\"inLanguage\":\"en-US\",\"potentialAction\":[{\"@type\":\"ReadAction\",\"target\":[\"https:\/\/www.geostru.eu\/en\/shop\/software-en\/software-di-calcolo-strutturale-edifici-in-ca\/\"]}]},{\"@type\":\"ImageObject\",\"inLanguage\":\"en-US\",\"@id\":\"https:\/\/www.geostru.eu\/en\/shop\/software-en\/software-di-calcolo-strutturale-edifici-in-ca\/#primaryimage\",\"url\":\"https:\/\/www.geostru.eu\/wp-content\/uploads\/2015\/05\/EDCA1.png\",\"contentUrl\":\"https:\/\/www.geostru.eu\/wp-content\/uploads\/2015\/05\/EDCA1.png\",\"width\":1916,\"height\":1035},{\"@type\":\"BreadcrumbList\",\"@id\":\"https:\/\/www.geostru.eu\/en\/shop\/software-en\/software-di-calcolo-strutturale-edifici-in-ca\/#breadcrumb\",\"itemListElement\":[{\"@type\":\"ListItem\",\"position\":1,\"name\":\"Home\",\"item\":\"https:\/\/www.geostru.eu\/en\/\"},{\"@type\":\"ListItem\",\"position\":2,\"name\":\"Shop\",\"item\":\"https:\/\/www.geostru.eu\/shop\/?lang=en\"},{\"@type\":\"ListItem\",\"position\":3,\"name\":\"Software calcolo strutturale Edifici in CA\"}]},{\"@type\":\"WebSite\",\"@id\":\"https:\/\/www.geostru.eu\/en\/#website\",\"url\":\"https:\/\/www.geostru.eu\/en\/\",\"name\":\"GeoStru EU\",\"description\":\"Professionals at your service\",\"publisher\":{\"@id\":\"https:\/\/www.geostru.eu\/en\/#organization\"},\"potentialAction\":[{\"@type\":\"SearchAction\",\"target\":{\"@type\":\"EntryPoint\",\"urlTemplate\":\"https:\/\/www.geostru.eu\/en\/?s={search_term_string}\"},\"query-input\":{\"@type\":\"PropertyValueSpecification\",\"valueRequired\":true,\"valueName\":\"search_term_string\"}}],\"inLanguage\":\"en-US\"},{\"@type\":\"Organization\",\"@id\":\"https:\/\/www.geostru.eu\/en\/#organization\",\"name\":\"GeoStru EU\",\"url\":\"https:\/\/www.geostru.eu\/en\/\",\"logo\":{\"@type\":\"ImageObject\",\"inLanguage\":\"en-US\",\"@id\":\"https:\/\/www.geostru.eu\/en\/#\/schema\/logo\/image\/\",\"url\":\"https:\/\/www.geostru.eu\/wp-content\/uploads\/2023\/02\/LOGO_GEOSTRU_educational_banner.png\",\"contentUrl\":\"https:\/\/www.geostru.eu\/wp-content\/uploads\/2023\/02\/LOGO_GEOSTRU_educational_banner.png\",\"width\":363,\"height\":115,\"caption\":\"GeoStru EU\"},\"image\":{\"@id\":\"https:\/\/www.geostru.eu\/en\/#\/schema\/logo\/image\/\"},\"sameAs\":[\"https:\/\/www.facebook.com\/GeoStruSoftware\/\",\"https:\/\/x.com\/geostru\",\"https:\/\/www.linkedin.com\/company\/2462488\/admin\/\",\"https:\/\/www.instagram.com\/geostru\/\"]}]}<\/script>\n<meta property=\"product:brand\" content=\"Software\" \/>\n<meta property=\"product:price:amount\" content=\"790.00\" \/>\n<meta property=\"product:price:currency\" content=\"EUR\" \/>\n<meta property=\"og:availability\" content=\"instock\" \/>\n<meta property=\"product:availability\" content=\"instock\" \/>\n<meta property=\"product:retailer_item_id\" content=\"1\" \/>\n<meta property=\"product:condition\" content=\"new\" \/>\n<!-- \/ Yoast SEO Premium plugin. -->","yoast_head_json":{"title":"Software calcolo strutturale Edifici in CA","description":"Software calcolo strutturale Edifici in CA per l\u2019analisi e il calcolo strutturale di edifici multipiano in cemento armato, in zona sismica e non","robots":{"index":"index","follow":"follow","max-snippet":"max-snippet:-1","max-image-preview":"max-image-preview:large","max-video-preview":"max-video-preview:-1"},"canonical":"https:\/\/www.geostru.eu\/en\/shop\/software-en\/software-di-calcolo-strutturale-edifici-in-ca\/","og_locale":"en_US","og_type":"article","og_title":"Software calcolo strutturale Edifici in CA","og_description":"Software calcolo strutturale Edifici in CA per l\u2019analisi e il calcolo strutturale di edifici multipiano in cemento armato, in zona sismica e non","og_url":"https:\/\/www.geostru.eu\/en\/shop\/software-en\/software-di-calcolo-strutturale-edifici-in-ca\/","og_site_name":"GeoStru EU","article_publisher":"https:\/\/www.facebook.com\/GeoStruSoftware\/","article_modified_time":"2026-04-03T16:21:17+00:00","og_image":[{"width":1916,"height":1035,"url":"https:\/\/www.geostru.eu\/wp-content\/uploads\/2015\/05\/EDCA1.png","type":"image\/png"}],"twitter_card":"summary_large_image","twitter_site":"@geostru","twitter_misc":{"Price":"&euro;790.00 exc. VAT","Availability":"In stock"},"schema":{"@context":"https:\/\/schema.org","@graph":[{"@type":"WebPage","@id":"https:\/\/www.geostru.eu\/en\/shop\/software-en\/software-di-calcolo-strutturale-edifici-in-ca\/","url":"https:\/\/www.geostru.eu\/en\/shop\/software-en\/software-di-calcolo-strutturale-edifici-in-ca\/","name":"Software calcolo strutturale Edifici in CA","isPartOf":{"@id":"https:\/\/www.geostru.eu\/en\/#website"},"primaryImageOfPage":{"@id":"https:\/\/www.geostru.eu\/en\/shop\/software-en\/software-di-calcolo-strutturale-edifici-in-ca\/#primaryimage"},"image":{"@id":"https:\/\/www.geostru.eu\/en\/shop\/software-en\/software-di-calcolo-strutturale-edifici-in-ca\/#primaryimage"},"thumbnailUrl":"https:\/\/www.geostru.eu\/wp-content\/uploads\/2015\/05\/EDCA1.png","datePublished":"2022-06-26T13:24:54+00:00","dateModified":"2026-04-03T16:21:17+00:00","description":"Software calcolo strutturale Edifici in CA per l\u2019analisi e il calcolo strutturale di edifici multipiano in cemento armato, in zona sismica e non","breadcrumb":{"@id":"https:\/\/www.geostru.eu\/en\/shop\/software-en\/software-di-calcolo-strutturale-edifici-in-ca\/#breadcrumb"},"inLanguage":"en-US","potentialAction":[{"@type":"ReadAction","target":["https:\/\/www.geostru.eu\/en\/shop\/software-en\/software-di-calcolo-strutturale-edifici-in-ca\/"]}]},{"@type":"ImageObject","inLanguage":"en-US","@id":"https:\/\/www.geostru.eu\/en\/shop\/software-en\/software-di-calcolo-strutturale-edifici-in-ca\/#primaryimage","url":"https:\/\/www.geostru.eu\/wp-content\/uploads\/2015\/05\/EDCA1.png","contentUrl":"https:\/\/www.geostru.eu\/wp-content\/uploads\/2015\/05\/EDCA1.png","width":1916,"height":1035},{"@type":"BreadcrumbList","@id":"https:\/\/www.geostru.eu\/en\/shop\/software-en\/software-di-calcolo-strutturale-edifici-in-ca\/#breadcrumb","itemListElement":[{"@type":"ListItem","position":1,"name":"Home","item":"https:\/\/www.geostru.eu\/en\/"},{"@type":"ListItem","position":2,"name":"Shop","item":"https:\/\/www.geostru.eu\/shop\/?lang=en"},{"@type":"ListItem","position":3,"name":"Software calcolo strutturale Edifici in CA"}]},{"@type":"WebSite","@id":"https:\/\/www.geostru.eu\/en\/#website","url":"https:\/\/www.geostru.eu\/en\/","name":"GeoStru EU","description":"Professionals at your service","publisher":{"@id":"https:\/\/www.geostru.eu\/en\/#organization"},"potentialAction":[{"@type":"SearchAction","target":{"@type":"EntryPoint","urlTemplate":"https:\/\/www.geostru.eu\/en\/?s={search_term_string}"},"query-input":{"@type":"PropertyValueSpecification","valueRequired":true,"valueName":"search_term_string"}}],"inLanguage":"en-US"},{"@type":"Organization","@id":"https:\/\/www.geostru.eu\/en\/#organization","name":"GeoStru EU","url":"https:\/\/www.geostru.eu\/en\/","logo":{"@type":"ImageObject","inLanguage":"en-US","@id":"https:\/\/www.geostru.eu\/en\/#\/schema\/logo\/image\/","url":"https:\/\/www.geostru.eu\/wp-content\/uploads\/2023\/02\/LOGO_GEOSTRU_educational_banner.png","contentUrl":"https:\/\/www.geostru.eu\/wp-content\/uploads\/2023\/02\/LOGO_GEOSTRU_educational_banner.png","width":363,"height":115,"caption":"GeoStru EU"},"image":{"@id":"https:\/\/www.geostru.eu\/en\/#\/schema\/logo\/image\/"},"sameAs":["https:\/\/www.facebook.com\/GeoStruSoftware\/","https:\/\/x.com\/geostru","https:\/\/www.linkedin.com\/company\/2462488\/admin\/","https:\/\/www.instagram.com\/geostru\/"]}]},"product_brand":"Software","product_price_amount":"790.00","product_price_currency":"EUR","og_availability":"instock","product_availability":"instock","product_retailer_item_id":"1","product_condition":"new"},"_links":{"self":[{"href":"https:\/\/www.geostru.eu\/en\/wp-json\/wp\/v2\/product\/30987"}],"collection":[{"href":"https:\/\/www.geostru.eu\/en\/wp-json\/wp\/v2\/product"}],"about":[{"href":"https:\/\/www.geostru.eu\/en\/wp-json\/wp\/v2\/types\/product"}],"replies":[{"embeddable":true,"href":"https:\/\/www.geostru.eu\/en\/wp-json\/wp\/v2\/comments?post=30987"}],"wp:featuredmedia":[{"embeddable":true,"href":"https:\/\/www.geostru.eu\/en\/wp-json\/wp\/v2\/media\/21274"}],"wp:attachment":[{"href":"https:\/\/www.geostru.eu\/en\/wp-json\/wp\/v2\/media?parent=30987"}],"wp:term":[{"taxonomy":"product_cat","embeddable":true,"href":"https:\/\/www.geostru.eu\/en\/wp-json\/wp\/v2\/product_cat?post=30987"},{"taxonomy":"product_tag","embeddable":true,"href":"https:\/\/www.geostru.eu\/en\/wp-json\/wp\/v2\/product_tag?post=30987"}],"curies":[{"name":"wp","href":"https:\/\/api.w.org\/{rel}","templated":true}]}}