{"id":28010,"date":"2017-02-10T09:39:13","date_gmt":"2017-02-10T08:39:13","guid":{"rendered":"https:\/\/www.geostru.eu\/it\/?post_type=product&#038;p=28010"},"modified":"2025-12-17T15:45:16","modified_gmt":"2025-12-17T14:45:16","slug":"terrae-motus-conoscere-per-prevenire","status":"publish","type":"product","link":"https:\/\/www.geostru.eu\/en\/shop\/free\/terrae-motus-conoscere-per-prevenire\/","title":{"rendered":"TERRAE MOTUS Conoscere per prevenire"},"content":{"rendered":"<p><strong>Terrae Motus<\/strong> Conoscere per Prevenire (dal latino terrae motus, cio\u00e8 \u201cmovimento della terra\u201d) \u00a0\u00e8 un testo rivolto a professionisti e docenti delle scuole di ogni ordine e grado, per essere aiutati ad affrontare le tematiche del rischio sismico, con informazioni di carattere generale e consigli utili per meglio fronteggiare tale evento.<\/p>\n<p>Il libro comprende\u00a0 11 capitoli:<\/p>\n<p>1.0 \u2013 INTRODUZIONE 7<br \/>\n2.0 \u2013 COME SI ORIGINA UN TERREMOTO 7<br \/>\n3.0 \u2013 LA CONFORMAZIONE INTERNA DELLA TERRA 10<br \/>\n3.0.1 La crosta esterna 11<br \/>\n3.0.2 Il mantello 11<br \/>\n3.0.3 Il nucleo 13<br \/>\n4.0 \u2013 LA TEORIA DELLA TETTONICA DELLE PLACCHE 13<br \/>\n5.0 \u2013 LE FAGLIE 23<br \/>\n6.0 \u2013 LE ONDE SISMICHE 26<br \/>\n7.0 \u2013 GLI STRUMENTI PER MISURARE UN TERREMOTO 29<br \/>\n8.0 \u2013 COME SI MISURA UN TERREMOTO 36<br \/>\n8.0.1 Scale di intensit\u00e0 macrosismica 36<br \/>\n8.0.2 Magnitudo 50<br \/>\n9.0 \u2013 LA PREVISIONE DEI TERREMOTI 63<br \/>\n10.0 \u2013 IL RISCHIO SISMICO 72<br \/>\n10.0.1 La pericolosit\u00e0 sismica 75<br \/>\n10.0.2 La vulnerabilit\u00e0 sismica 83<br \/>\n10.0.3 L\u2019esposizione 87<br \/>\n11.0 \u2013 MITIGAZIONE DEL RISCHIO SISMICO 88<br \/>\n11.0.1 Norme di comportamento 93<\/p>\n<p>APPENDICI 101<br \/>\nGLOSSARIO 117<br \/>\nRIFERIMENTI BIBLIOGRAFICI 121<\/p>\n","protected":false},"excerpt":{"rendered":"<p style=\"text-align: justify\"><strong>Terrae Motus<\/strong> Conoscere per Prevenire\u00a0(dal latino terrae motus, cio\u00e8 \u201cmovimento della terra\u201d) \u00a0\u00e8 un testo rivolto a professionisti e docenti delle scuole di ogni ordine e grado, per essere aiutati ad affrontare le tematiche del rischio sismico, con informazioni di carattere generale e consigli utili per meglio fronteggiare tale evento.<\/p>\n<p style=\"text-align: justify\">Il libro comprende\u00a0 11 capitoli: (1.0 INTRODUZIONE, 2.0 COME SI ORIGINA UN TERREMOTO, 3.0 LA CONFORMAZIONE INTERNA DELLA TERRA, 3.0.1 La crosta esterna, 3.0.2 Il mantello, 3.0.3 Il nucleo, 4.0 LA TEORIA DELLA TETTONICA DELLE PLACCHE, 5.0 LE FAGLIE, 6.0 LE ONDE SISMICHE, 7.0 GLI STRUMENTI PER MISURARE UN TERREMOTO, 8.0 COME SI MISURA UN TERREMOTO, 8.0.1 Scale di intensit\u00e0 macrosismica, 8.0.2 Magnitudo, 9.0 LA PREVISIONE DEI TERREMOTI, 10.0 IL RISCHIO SISMICO, 10.0.1 La pericolosit\u00e0 sismica, 10.0.2 La vulnerabilit\u00e0 sismica, 10.0.3 L\u2019esposizione, 11.0 MITIGAZIONE DEL RISCHIO SISMICO, 11.0.1 Norme di comportamento)<\/p>\n<p style=\"text-align: justify\"><img loading=\"lazy\" decoding=\"async\" class=\"size-full wp-image-162748 alignleft\" src=\"https:\/\/www.geostru.eu\/wp-content\/uploads\/2017\/02\/TERRAE-MOTUS-Conoscere-per-prevenire-qrcode.png\" alt=\"\" width=\"96\" height=\"96\" srcset=\"https:\/\/www.geostru.eu\/wp-content\/uploads\/2017\/02\/TERRAE-MOTUS-Conoscere-per-prevenire-qrcode.png 96w, https:\/\/www.geostru.eu\/wp-content\/uploads\/2017\/02\/TERRAE-MOTUS-Conoscere-per-prevenire-qrcode-80x80.png 80w\" sizes=\"(max-width: 96px) 100vw, 96px\" \/>Lingua: <strong>Italiano<br \/>\n<\/strong>Dimensioni:\u00a0<strong>16.5x24x2<\/strong><br \/>\nPagine<strong>: 120<br \/>\n<\/strong>Codice ISBN:\u00a0<strong>97888903043-2-3<br \/>\n<!--StartFragment --><\/strong><\/p>\n<p>&nbsp;<\/p>\n<p><em><span class=\"cf0\">l libro \u00e8 disponibile in un formato digitale multimediale sfogliabile online, responsive su qualsiasi dispositivo (telefono, tablet e PC) e arricchito con contenuti video e assistente AI integrato<\/span><\/em><\/p>\n<p style=\"text-align: justify\"><strong><!--EndFragment --><\/strong><\/p>\n<p>&nbsp;<\/p>\n","protected":false},"featured_media":28013,"comment_status":"open","ping_status":"closed","template":"","meta":[],"product_cat":[197,195],"product_tag":[],"class_list":{"0":"post-28010","1":"product","2":"type-product","3":"status-publish","4":"has-post-thumbnail","6":"product_cat-free","7":"product_cat-book-en","8":"description-off","10":"first","11":"instock","12":"taxable","13":"shipping-taxable","14":"product-type-external"},"yoast_head":"<!-- This site is optimized with the Yoast SEO Premium plugin v25.0 (Yoast SEO v25.0) - https:\/\/yoast.com\/wordpress\/plugins\/seo\/ -->\n<title>TERRAE MOTUS Conoscere per prevenire - GeoStru EU<\/title>\n<meta name=\"robots\" content=\"index, follow, max-snippet:-1, max-image-preview:large, max-video-preview:-1\" \/>\n<link rel=\"canonical\" href=\"https:\/\/www.geostru.eu\/en\/shop\/free\/terrae-motus-conoscere-per-prevenire\/\" \/>\n<meta property=\"og:locale\" content=\"en_US\" \/>\n<meta property=\"og:type\" content=\"article\" \/>\n<meta property=\"og:title\" content=\"TERRAE MOTUS Conoscere per prevenire\" \/>\n<meta property=\"og:description\" content=\"Terrae Motus Conoscere per Prevenire\u00a0(dal latino terrae motus, cio\u00e8 \u201cmovimento della terra\u201d) \u00a0\u00e8 un testo rivolto a professionisti e docenti delle scuole di ogni ordine e grado, per essere aiutati ad affrontare le tematiche del rischio sismico, con informazioni di carattere generale e consigli utili per meglio fronteggiare tale evento. Il libro comprende\u00a0 11 capitoli: (1.0 INTRODUZIONE, 2.0 COME SI ORIGINA UN TERREMOTO, 3.0 LA CONFORMAZIONE INTERNA DELLA TERRA, 3.0.1 La crosta esterna, 3.0.2 Il mantello, 3.0.3 Il nucleo, 4.0 LA TEORIA DELLA TETTONICA DELLE PLACCHE, 5.0 LE FAGLIE, 6.0 LE ONDE SISMICHE, 7.0 GLI STRUMENTI PER MISURARE UN TERREMOTO, 8.0 COME SI MISURA UN TERREMOTO, 8.0.1 Scale di intensit\u00e0 macrosismica, 8.0.2 Magnitudo, 9.0 LA PREVISIONE DEI TERREMOTI, 10.0 IL RISCHIO SISMICO, 10.0.1 La pericolosit\u00e0 sismica, 10.0.2 La vulnerabilit\u00e0 sismica, 10.0.3 L\u2019esposizione, 11.0 MITIGAZIONE DEL RISCHIO SISMICO, 11.0.1 Norme di comportamento) Lingua: Italiano Dimensioni:\u00a016.5x24x2 Pagine: 120 Codice ISBN:\u00a097888903043-2-3  &nbsp;  l libro \u00e8 disponibile in un formato digitale multimediale sfogliabile online, responsive su qualsiasi dispositivo (telefono, tablet e PC) e arricchito con contenuti video e assistente AI integrato  &nbsp;\" \/>\n<meta property=\"og:url\" content=\"https:\/\/www.geostru.eu\/en\/shop\/free\/terrae-motus-conoscere-per-prevenire\/\" \/>\n<meta property=\"og:site_name\" content=\"GeoStru EU\" \/>\n<meta property=\"article:publisher\" content=\"https:\/\/www.facebook.com\/GeoStruSoftware\/\" \/>\n<meta property=\"article:modified_time\" content=\"2025-12-17T14:45:16+00:00\" \/>\n<meta property=\"og:image\" content=\"https:\/\/www.geostru.eu\/wp-content\/uploads\/2017\/02\/cover-terrae-motus.jpg\" \/>\n\t<meta property=\"og:image:width\" content=\"656\" \/>\n\t<meta property=\"og:image:height\" content=\"924\" \/>\n\t<meta property=\"og:image:type\" content=\"image\/jpeg\" \/>\n<meta name=\"twitter:card\" content=\"summary_large_image\" \/>\n<meta name=\"twitter:site\" content=\"@geostru\" \/>\n<meta name=\"twitter:label1\" content=\"Price\" \/>\n\t<meta name=\"twitter:data1\" content=\"\" \/>\n\t<meta name=\"twitter:label2\" content=\"Availability\" \/>\n\t<meta name=\"twitter:data2\" content=\"In stock\" \/>\n<script type=\"application\/ld+json\" class=\"yoast-schema-graph\">{\"@context\":\"https:\/\/schema.org\",\"@graph\":[{\"@type\":\"WebPage\",\"@id\":\"https:\/\/www.geostru.eu\/en\/shop\/free\/terrae-motus-conoscere-per-prevenire\/\",\"url\":\"https:\/\/www.geostru.eu\/en\/shop\/free\/terrae-motus-conoscere-per-prevenire\/\",\"name\":\"TERRAE MOTUS Conoscere per prevenire - GeoStru EU\",\"isPartOf\":{\"@id\":\"https:\/\/www.geostru.eu\/en\/#website\"},\"primaryImageOfPage\":{\"@id\":\"https:\/\/www.geostru.eu\/en\/shop\/free\/terrae-motus-conoscere-per-prevenire\/#primaryimage\"},\"image\":{\"@id\":\"https:\/\/www.geostru.eu\/en\/shop\/free\/terrae-motus-conoscere-per-prevenire\/#primaryimage\"},\"thumbnailUrl\":\"https:\/\/www.geostru.eu\/wp-content\/uploads\/2017\/02\/cover-terrae-motus.jpg\",\"datePublished\":\"2017-02-10T08:39:13+00:00\",\"dateModified\":\"2025-12-17T14:45:16+00:00\",\"breadcrumb\":{\"@id\":\"https:\/\/www.geostru.eu\/en\/shop\/free\/terrae-motus-conoscere-per-prevenire\/#breadcrumb\"},\"inLanguage\":\"en-US\",\"potentialAction\":[{\"@type\":\"ReadAction\",\"target\":[\"https:\/\/www.geostru.eu\/en\/shop\/free\/terrae-motus-conoscere-per-prevenire\/\"]}]},{\"@type\":\"ImageObject\",\"inLanguage\":\"en-US\",\"@id\":\"https:\/\/www.geostru.eu\/en\/shop\/free\/terrae-motus-conoscere-per-prevenire\/#primaryimage\",\"url\":\"https:\/\/www.geostru.eu\/wp-content\/uploads\/2017\/02\/cover-terrae-motus.jpg\",\"contentUrl\":\"https:\/\/www.geostru.eu\/wp-content\/uploads\/2017\/02\/cover-terrae-motus.jpg\",\"width\":656,\"height\":924},{\"@type\":\"BreadcrumbList\",\"@id\":\"https:\/\/www.geostru.eu\/en\/shop\/free\/terrae-motus-conoscere-per-prevenire\/#breadcrumb\",\"itemListElement\":[{\"@type\":\"ListItem\",\"position\":1,\"name\":\"Home\",\"item\":\"https:\/\/www.geostru.eu\/en\/\"},{\"@type\":\"ListItem\",\"position\":2,\"name\":\"Shop\",\"item\":\"https:\/\/www.geostru.eu\/shop\/?lang=en\"},{\"@type\":\"ListItem\",\"position\":3,\"name\":\"TERRAE MOTUS Conoscere per prevenire\"}]},{\"@type\":\"WebSite\",\"@id\":\"https:\/\/www.geostru.eu\/en\/#website\",\"url\":\"https:\/\/www.geostru.eu\/en\/\",\"name\":\"GeoStru EU\",\"description\":\"Professionals at your service\",\"publisher\":{\"@id\":\"https:\/\/www.geostru.eu\/en\/#organization\"},\"potentialAction\":[{\"@type\":\"SearchAction\",\"target\":{\"@type\":\"EntryPoint\",\"urlTemplate\":\"https:\/\/www.geostru.eu\/en\/?s={search_term_string}\"},\"query-input\":{\"@type\":\"PropertyValueSpecification\",\"valueRequired\":true,\"valueName\":\"search_term_string\"}}],\"inLanguage\":\"en-US\"},{\"@type\":\"Organization\",\"@id\":\"https:\/\/www.geostru.eu\/en\/#organization\",\"name\":\"GeoStru EU\",\"url\":\"https:\/\/www.geostru.eu\/en\/\",\"logo\":{\"@type\":\"ImageObject\",\"inLanguage\":\"en-US\",\"@id\":\"https:\/\/www.geostru.eu\/en\/#\/schema\/logo\/image\/\",\"url\":\"https:\/\/www.geostru.eu\/wp-content\/uploads\/2023\/02\/LOGO_GEOSTRU_educational_banner.png\",\"contentUrl\":\"https:\/\/www.geostru.eu\/wp-content\/uploads\/2023\/02\/LOGO_GEOSTRU_educational_banner.png\",\"width\":363,\"height\":115,\"caption\":\"GeoStru EU\"},\"image\":{\"@id\":\"https:\/\/www.geostru.eu\/en\/#\/schema\/logo\/image\/\"},\"sameAs\":[\"https:\/\/www.facebook.com\/GeoStruSoftware\/\",\"https:\/\/x.com\/geostru\",\"https:\/\/www.linkedin.com\/company\/2462488\/admin\/\",\"https:\/\/www.instagram.com\/geostru\/\"]}]}<\/script>\n<meta property=\"product:brand\" content=\"Free\" \/>\n<meta property=\"product:price:amount\" content=\"0.00\" \/>\n<meta property=\"product:price:currency\" content=\"EUR\" \/>\n<meta property=\"og:availability\" content=\"instock\" \/>\n<meta property=\"product:availability\" content=\"instock\" \/>\n<meta property=\"product:retailer_item_id\" content=\"59\" \/>\n<meta property=\"product:condition\" content=\"new\" \/>\n<!-- \/ Yoast SEO Premium plugin. -->","yoast_head_json":{"title":"TERRAE MOTUS Conoscere per prevenire - GeoStru EU","robots":{"index":"index","follow":"follow","max-snippet":"max-snippet:-1","max-image-preview":"max-image-preview:large","max-video-preview":"max-video-preview:-1"},"canonical":"https:\/\/www.geostru.eu\/en\/shop\/free\/terrae-motus-conoscere-per-prevenire\/","og_locale":"en_US","og_type":"article","og_title":"TERRAE MOTUS Conoscere per prevenire","og_description":"Terrae Motus Conoscere per Prevenire\u00a0(dal latino terrae motus, cio\u00e8 \u201cmovimento della terra\u201d) \u00a0\u00e8 un testo rivolto a professionisti e docenti delle scuole di ogni ordine e grado, per essere aiutati ad affrontare le tematiche del rischio sismico, con informazioni di carattere generale e consigli utili per meglio fronteggiare tale evento. Il libro comprende\u00a0 11 capitoli: (1.0 INTRODUZIONE, 2.0 COME SI ORIGINA UN TERREMOTO, 3.0 LA CONFORMAZIONE INTERNA DELLA TERRA, 3.0.1 La crosta esterna, 3.0.2 Il mantello, 3.0.3 Il nucleo, 4.0 LA TEORIA DELLA TETTONICA DELLE PLACCHE, 5.0 LE FAGLIE, 6.0 LE ONDE SISMICHE, 7.0 GLI STRUMENTI PER MISURARE UN TERREMOTO, 8.0 COME SI MISURA UN TERREMOTO, 8.0.1 Scale di intensit\u00e0 macrosismica, 8.0.2 Magnitudo, 9.0 LA PREVISIONE DEI TERREMOTI, 10.0 IL RISCHIO SISMICO, 10.0.1 La pericolosit\u00e0 sismica, 10.0.2 La vulnerabilit\u00e0 sismica, 10.0.3 L\u2019esposizione, 11.0 MITIGAZIONE DEL RISCHIO SISMICO, 11.0.1 Norme di comportamento) Lingua: Italiano Dimensioni:\u00a016.5x24x2 Pagine: 120 Codice ISBN:\u00a097888903043-2-3  &nbsp;  l libro \u00e8 disponibile in un formato digitale multimediale sfogliabile online, responsive su qualsiasi dispositivo (telefono, tablet e PC) e arricchito con contenuti video e assistente AI integrato  &nbsp;","og_url":"https:\/\/www.geostru.eu\/en\/shop\/free\/terrae-motus-conoscere-per-prevenire\/","og_site_name":"GeoStru EU","article_publisher":"https:\/\/www.facebook.com\/GeoStruSoftware\/","article_modified_time":"2025-12-17T14:45:16+00:00","og_image":[{"width":656,"height":924,"url":"https:\/\/www.geostru.eu\/wp-content\/uploads\/2017\/02\/cover-terrae-motus.jpg","type":"image\/jpeg"}],"twitter_card":"summary_large_image","twitter_site":"@geostru","twitter_misc":{"Price":"","Availability":"In stock"},"schema":{"@context":"https:\/\/schema.org","@graph":[{"@type":"WebPage","@id":"https:\/\/www.geostru.eu\/en\/shop\/free\/terrae-motus-conoscere-per-prevenire\/","url":"https:\/\/www.geostru.eu\/en\/shop\/free\/terrae-motus-conoscere-per-prevenire\/","name":"TERRAE MOTUS Conoscere per prevenire - GeoStru EU","isPartOf":{"@id":"https:\/\/www.geostru.eu\/en\/#website"},"primaryImageOfPage":{"@id":"https:\/\/www.geostru.eu\/en\/shop\/free\/terrae-motus-conoscere-per-prevenire\/#primaryimage"},"image":{"@id":"https:\/\/www.geostru.eu\/en\/shop\/free\/terrae-motus-conoscere-per-prevenire\/#primaryimage"},"thumbnailUrl":"https:\/\/www.geostru.eu\/wp-content\/uploads\/2017\/02\/cover-terrae-motus.jpg","datePublished":"2017-02-10T08:39:13+00:00","dateModified":"2025-12-17T14:45:16+00:00","breadcrumb":{"@id":"https:\/\/www.geostru.eu\/en\/shop\/free\/terrae-motus-conoscere-per-prevenire\/#breadcrumb"},"inLanguage":"en-US","potentialAction":[{"@type":"ReadAction","target":["https:\/\/www.geostru.eu\/en\/shop\/free\/terrae-motus-conoscere-per-prevenire\/"]}]},{"@type":"ImageObject","inLanguage":"en-US","@id":"https:\/\/www.geostru.eu\/en\/shop\/free\/terrae-motus-conoscere-per-prevenire\/#primaryimage","url":"https:\/\/www.geostru.eu\/wp-content\/uploads\/2017\/02\/cover-terrae-motus.jpg","contentUrl":"https:\/\/www.geostru.eu\/wp-content\/uploads\/2017\/02\/cover-terrae-motus.jpg","width":656,"height":924},{"@type":"BreadcrumbList","@id":"https:\/\/www.geostru.eu\/en\/shop\/free\/terrae-motus-conoscere-per-prevenire\/#breadcrumb","itemListElement":[{"@type":"ListItem","position":1,"name":"Home","item":"https:\/\/www.geostru.eu\/en\/"},{"@type":"ListItem","position":2,"name":"Shop","item":"https:\/\/www.geostru.eu\/shop\/?lang=en"},{"@type":"ListItem","position":3,"name":"TERRAE MOTUS Conoscere per prevenire"}]},{"@type":"WebSite","@id":"https:\/\/www.geostru.eu\/en\/#website","url":"https:\/\/www.geostru.eu\/en\/","name":"GeoStru EU","description":"Professionals at your service","publisher":{"@id":"https:\/\/www.geostru.eu\/en\/#organization"},"potentialAction":[{"@type":"SearchAction","target":{"@type":"EntryPoint","urlTemplate":"https:\/\/www.geostru.eu\/en\/?s={search_term_string}"},"query-input":{"@type":"PropertyValueSpecification","valueRequired":true,"valueName":"search_term_string"}}],"inLanguage":"en-US"},{"@type":"Organization","@id":"https:\/\/www.geostru.eu\/en\/#organization","name":"GeoStru EU","url":"https:\/\/www.geostru.eu\/en\/","logo":{"@type":"ImageObject","inLanguage":"en-US","@id":"https:\/\/www.geostru.eu\/en\/#\/schema\/logo\/image\/","url":"https:\/\/www.geostru.eu\/wp-content\/uploads\/2023\/02\/LOGO_GEOSTRU_educational_banner.png","contentUrl":"https:\/\/www.geostru.eu\/wp-content\/uploads\/2023\/02\/LOGO_GEOSTRU_educational_banner.png","width":363,"height":115,"caption":"GeoStru EU"},"image":{"@id":"https:\/\/www.geostru.eu\/en\/#\/schema\/logo\/image\/"},"sameAs":["https:\/\/www.facebook.com\/GeoStruSoftware\/","https:\/\/x.com\/geostru","https:\/\/www.linkedin.com\/company\/2462488\/admin\/","https:\/\/www.instagram.com\/geostru\/"]}]},"product_brand":"Free","product_price_amount":"0.00","product_price_currency":"EUR","og_availability":"instock","product_availability":"instock","product_retailer_item_id":"59","product_condition":"new"},"_links":{"self":[{"href":"https:\/\/www.geostru.eu\/en\/wp-json\/wp\/v2\/product\/28010"}],"collection":[{"href":"https:\/\/www.geostru.eu\/en\/wp-json\/wp\/v2\/product"}],"about":[{"href":"https:\/\/www.geostru.eu\/en\/wp-json\/wp\/v2\/types\/product"}],"replies":[{"embeddable":true,"href":"https:\/\/www.geostru.eu\/en\/wp-json\/wp\/v2\/comments?post=28010"}],"wp:featuredmedia":[{"embeddable":true,"href":"https:\/\/www.geostru.eu\/en\/wp-json\/wp\/v2\/media\/28013"}],"wp:attachment":[{"href":"https:\/\/www.geostru.eu\/en\/wp-json\/wp\/v2\/media?parent=28010"}],"wp:term":[{"taxonomy":"product_cat","embeddable":true,"href":"https:\/\/www.geostru.eu\/en\/wp-json\/wp\/v2\/product_cat?post=28010"},{"taxonomy":"product_tag","embeddable":true,"href":"https:\/\/www.geostru.eu\/en\/wp-json\/wp\/v2\/product_tag?post=28010"}],"curies":[{"name":"wp","href":"https:\/\/api.w.org\/{rel}","templated":true}]}}