{"id":27727,"date":"2017-02-02T13:13:00","date_gmt":"2017-02-02T12:13:00","guid":{"rendered":"https:\/\/www.geostru.eu\/it\/?post_type=product&#038;p=27727"},"modified":"2026-01-09T17:21:08","modified_gmt":"2026-01-09T16:21:08","slug":"opere-di-sostegno-terra-rinforzata","status":"publish","type":"product","link":"https:\/\/www.geostru.eu\/en\/shop\/book-en\/opere-di-sostegno-terra-rinforzata\/","title":{"rendered":"Opere Di Sostegno in Terra Rinforzata"},"content":{"rendered":"<p style=\"text-align: justify;\">Le opere in terra rinforzata e le loro applicazioni rappresentano attualmente una grande risorsa nell\u2019ambito della progettazione e, pi\u00f9 in generale, dell\u2019ingegneria geotecnica, naturalistica ed ambientale. Le strutture in terra rinforzata, che combinano le propriet\u00e0 e le caratteristiche del terreno e del rinforzo, trovano applicazione in una ormai ampia gamma di settori, come opere di sostegno, opere di contenimento, opere in rilevato e opere accessorie di arredo urbano. Pertanto, il manuale \u2018Guida alla progettazione delle Opere di Sostegno in Terra Rinforzata\u2019 si pone come obbiettivo quello di guidare il progettista nella fase della progettazione e di verifica, tramite cenni teorici, riferimenti normativi ed esempi pratici.<\/p>\n<p style=\"text-align: justify;\">Dopo una breve introduzione, il manuale si apre con una dettagliata e minuziosa descrizione delle componenti basilari di cui sono costituite le opere in terra rinforzata. In particolare, il primo capitolo \u00e8 interamente incentrato sui rinforzi siano essi di tipo sintetico sia metallico, mettendo in luce le propriet\u00e0 e le performance, in termini di resistenza a trazione, che questi, interagendo con il terreno, riescono a mettere a disposizione. La resistenza a trazione (nominale e a lungo termine)\u00a0 rappresenta, dunque, per i rinforzi, la caratteristica cardine da cui prescinde la buona riuscita della progettazione di questo tipo di opere: \u00e8 proprio a tal riguardo che, nel corso del primo capitolo, si illustrano le principali normative di riferimento (<em>tedesca-EBGEO, angolosassone-BS 8006, giapponese-PWRC, francese-NF P94-270 e americana AASHTO e FHWA-NHI<\/em>) che regolano la valutazione della resistenza dei rinforzi, tenendo conto delle alterazioni e danneggiamenti a cui sono soggetti e le prove sperimentali a cui i materiali devono essere sottoposti (<em>ISO TR 20432 \u2013 EN ISO 13431<\/em>).<\/p>\n<p style=\"text-align: justify;\">Nella progettazione di opere in terra rinforzata, ruolo fondamentale \u00e8 rivestito dal rilevato strutturale e dai materiali di cui \u00e8 costituito. \u00c8 nel secondo capitolo, infatti, che si definiscono le caratteristiche necessarie dei materiali utilizzati per la costruzione del rilevato, dunque, la granulometria ed assortimento, il valore dell\u2019angolo di resistenza al taglio consigliato, il tasso di umidit\u00e0, pH, e il grado di addensamento prima e di compattazione poi.<\/p>\n<p style=\"text-align: justify;\">Il paramento esterno rappresenta l\u2019ulteriore parte caratteristica di un\u2019opera in terra rinforzata. In particolare, \u00e8 proprio la tipologia di paramento esterno che si sceglie che condiziona i cedimenti ammissibili della fondazione. Il terzo capitolo illustra le principali tipologie di paramento, ad unit\u00e0 rigide (pannelli a tutta altezza, ad altezza parziale, scatole piantatrici, a blocchi), ad unit\u00e0 deformabili (reti elettrosaldate in acciaio e gabbioni), ad unit\u00e0 compressibili e paramento rinverdibile. La versatilit\u00e0 delle opere in terre rinforzate, \u00e8 rafforzata dalla possibilit\u00e0, infatti, di realizzare opere il cui paramento \u00e8 permeabile alla vegetazione e dunque in grado di essere utilizzate in ambienti antropizzati e naturali.<\/p>\n<p style=\"text-align: justify;\">Il quarto capitolo affronta i problemi strutturali e i meccanismi di collasso a cui l\u2019opera pu\u00f2 essere soggetta in linea con le NTC: le analisi di stabilit\u00e0, relative ai possibili meccanismi di collasso di un\u2019opera in terra rinforzata, considerano sia la stabilit\u00e0 esterna, e dunque, globale dell\u2019opera, intesa nel suo insieme, e sia la stabilit\u00e0 interna della massa di terreno rinforzato. Il capitolo \u00e8 corredato da brevi esempi di calcolo in cui si progettano i rinforzi (definendo la spaziatura, la lunghezza ecc.) e si eseguono le verifiche di stabilit\u00e0 dell\u2019opera.<\/p>\n<p>Spesso ci si trova ad affrontare il problema della valutazione del carico limite sulle terre rinforzate in presenza di spalle di ponti, rilevati stradali, ferroviari e fondazioni su pendii. Nel quinto capitolo si vuole determinare qualitativamente l\u2019influenza esercitata dai parametri geometrici, quali larghezza della fondazione, distanza di quest\u2019ultima dalla cresta del pendio e rapporto di ancoraggio del rinforzo, al fine di individuarne i valori ottimali per massimizzare l\u2019efficacia ed efficienza del rinforzi. Si descrivono gli approcci possibili a tale problema: metodi sperimentali, analisi limite, e metodi numerici agli elementi finiti (FEM).<\/p>\n<p>Il sesto capitolo affronta l\u2019aspetto pratico della posa in opera e, dunque, delle fasi cronologiche principali necessarie alla realizzazione di un\u2019opera in terra rinforzata. La buona riuscita della stabilizzazione non \u00e8 quindi semplicemente frutto di un\u2019accurata e precisa progettazione, ma anche della cura e delle attenzioni che l\u2019operatore tecnico specializzato mette\u00a0 nelle fasi di installazione e di posa in opera: infatti, la posa in opera a regola d\u2019arte \u00e8 una condizione necessaria per non pregiudicare la funzionalit\u00e0 dell\u2019opera.<\/p>\n","protected":false},"excerpt":{"rendered":"<p>Le opere in terra rinforzata e le loro applicazioni rappresentano attualmente una grande risorsa nell\u2019ambito della progettazione e, pi\u00f9 in generale, dell\u2019ingegneria geotecnica, naturalistica ed ambientale. Le strutture in terra rinforzata, che combinano le propriet\u00e0 e le caratteristiche del terreno e del rinforzo, trovano applicazione in una ormai ampia gamma di settori, come opere di sostegno, opere di contenimento, opere in rilevato e opere accessorie di arredo urbano. Pertanto, il manuale \u2018Guida alla progettazione delle Opere di Sostegno in Terra Rinforzata\u2019 si pone come obbiettivo quello di guidare il progettista nella fase della progettazione e di verifica, tramite cenni teorici, riferimenti normativi ed esempi pratici.<\/p>\n<p>L<img loading=\"lazy\" decoding=\"async\" class=\"size-full wp-image-162756 alignleft\" src=\"https:\/\/www.geostru.eu\/wp-content\/uploads\/2017\/02\/GUIDA-ALLA-PROGETTAZIONE-OPERE-SOSTEGNO-TERRA-RINFORZATA-qrcode.png\" alt=\"\" width=\"96\" height=\"96\" srcset=\"https:\/\/www.geostru.eu\/wp-content\/uploads\/2017\/02\/GUIDA-ALLA-PROGETTAZIONE-OPERE-SOSTEGNO-TERRA-RINFORZATA-qrcode.png 96w, https:\/\/www.geostru.eu\/wp-content\/uploads\/2017\/02\/GUIDA-ALLA-PROGETTAZIONE-OPERE-SOSTEGNO-TERRA-RINFORZATA-qrcode-80x80.png 80w\" sizes=\"(max-width: 96px) 100vw, 96px\" \/>ingua: <strong>Italiano<br \/>\n<\/strong>Editore: <strong>Geostru<br \/>\n<\/strong>Dimensioni: <strong>16.5x24x2<\/strong><\/p>\n<p>&nbsp;<\/p>\n<p>&nbsp;<\/p>\n<p><!--StartFragment --><\/p>\n<p><em><span class=\"cf0\">Il libro \u00e8 disponibile in un formato digitale multimediale sfogliabile online, responsive su qualsiasi dispositivo (telefono, tablet e PC) e arricchito con contenuti video e assistente AI integrato<\/span><\/em><\/p>\n<p><!--EndFragment --><\/p>\n","protected":false},"featured_media":27731,"comment_status":"open","ping_status":"closed","template":"","meta":[],"product_cat":[195],"product_tag":[],"class_list":{"0":"post-27727","1":"product","2":"type-product","3":"status-publish","4":"has-post-thumbnail","6":"product_cat-book-en","7":"description-off","9":"first","10":"instock","11":"taxable","12":"shipping-taxable","13":"product-type-external"},"yoast_head":"<!-- This site is optimized with the Yoast SEO Premium plugin v25.0 (Yoast SEO v25.0) - https:\/\/yoast.com\/wordpress\/plugins\/seo\/ -->\n<title>Opere Di Sostegno in Terra Rinforzata - GeoStru EU<\/title>\n<meta name=\"robots\" content=\"index, follow, max-snippet:-1, max-image-preview:large, max-video-preview:-1\" \/>\n<link rel=\"canonical\" href=\"https:\/\/www.geostru.eu\/en\/shop\/book-en\/opere-di-sostegno-terra-rinforzata\/\" \/>\n<meta property=\"og:locale\" content=\"en_US\" \/>\n<meta property=\"og:type\" content=\"article\" \/>\n<meta property=\"og:title\" content=\"Opere Di Sostegno in Terra Rinforzata\" \/>\n<meta property=\"og:description\" content=\"Le opere in terra rinforzata e le loro applicazioni rappresentano attualmente una grande risorsa nell\u2019ambito della progettazione e, pi\u00f9 in generale, dell\u2019ingegneria geotecnica, naturalistica ed ambientale. Le strutture in terra rinforzata, che combinano le propriet\u00e0 e le caratteristiche del terreno e del rinforzo, trovano applicazione in una ormai ampia gamma di settori, come opere di sostegno, opere di contenimento, opere in rilevato e opere accessorie di arredo urbano. Pertanto, il manuale \u2018Guida alla progettazione delle Opere di Sostegno in Terra Rinforzata\u2019 si pone come obbiettivo quello di guidare il progettista nella fase della progettazione e di verifica, tramite cenni teorici, riferimenti normativi ed esempi pratici.  Lingua: Italiano Editore: Geostru Dimensioni: 16.5x24x2  &nbsp;  &nbsp;    Il libro \u00e8 disponibile in un formato digitale multimediale sfogliabile online, responsive su qualsiasi dispositivo (telefono, tablet e PC) e arricchito con contenuti video e assistente AI integrato\" \/>\n<meta property=\"og:url\" content=\"https:\/\/www.geostru.eu\/en\/shop\/book-en\/opere-di-sostegno-terra-rinforzata\/\" \/>\n<meta property=\"og:site_name\" content=\"GeoStru EU\" \/>\n<meta property=\"article:publisher\" content=\"https:\/\/www.facebook.com\/GeoStruSoftware\/\" \/>\n<meta property=\"article:modified_time\" content=\"2026-01-09T16:21:08+00:00\" \/>\n<meta property=\"og:image\" content=\"https:\/\/www.geostru.eu\/wp-content\/uploads\/2017\/02\/Progettazione_delle_Opere_Di_Sostegno_in_Terra_Rinforzata.png\" \/>\n\t<meta property=\"og:image:width\" content=\"581\" \/>\n\t<meta property=\"og:image:height\" content=\"831\" \/>\n\t<meta property=\"og:image:type\" content=\"image\/png\" \/>\n<meta name=\"twitter:card\" content=\"summary_large_image\" \/>\n<meta name=\"twitter:site\" content=\"@geostru\" \/>\n<meta name=\"twitter:label1\" content=\"Price\" \/>\n\t<meta name=\"twitter:data1\" content=\"\" \/>\n\t<meta name=\"twitter:label2\" content=\"Availability\" \/>\n\t<meta name=\"twitter:data2\" content=\"In stock\" \/>\n<script type=\"application\/ld+json\" class=\"yoast-schema-graph\">{\"@context\":\"https:\/\/schema.org\",\"@graph\":[{\"@type\":\"WebPage\",\"@id\":\"https:\/\/www.geostru.eu\/en\/shop\/book-en\/opere-di-sostegno-terra-rinforzata\/\",\"url\":\"https:\/\/www.geostru.eu\/en\/shop\/book-en\/opere-di-sostegno-terra-rinforzata\/\",\"name\":\"Opere Di Sostegno in Terra Rinforzata - GeoStru EU\",\"isPartOf\":{\"@id\":\"https:\/\/www.geostru.eu\/en\/#website\"},\"primaryImageOfPage\":{\"@id\":\"https:\/\/www.geostru.eu\/en\/shop\/book-en\/opere-di-sostegno-terra-rinforzata\/#primaryimage\"},\"image\":{\"@id\":\"https:\/\/www.geostru.eu\/en\/shop\/book-en\/opere-di-sostegno-terra-rinforzata\/#primaryimage\"},\"thumbnailUrl\":\"https:\/\/www.geostru.eu\/wp-content\/uploads\/2017\/02\/Progettazione_delle_Opere_Di_Sostegno_in_Terra_Rinforzata.png\",\"datePublished\":\"2017-02-02T12:13:00+00:00\",\"dateModified\":\"2026-01-09T16:21:08+00:00\",\"breadcrumb\":{\"@id\":\"https:\/\/www.geostru.eu\/en\/shop\/book-en\/opere-di-sostegno-terra-rinforzata\/#breadcrumb\"},\"inLanguage\":\"en-US\",\"potentialAction\":[{\"@type\":\"ReadAction\",\"target\":[\"https:\/\/www.geostru.eu\/en\/shop\/book-en\/opere-di-sostegno-terra-rinforzata\/\"]}]},{\"@type\":\"ImageObject\",\"inLanguage\":\"en-US\",\"@id\":\"https:\/\/www.geostru.eu\/en\/shop\/book-en\/opere-di-sostegno-terra-rinforzata\/#primaryimage\",\"url\":\"https:\/\/www.geostru.eu\/wp-content\/uploads\/2017\/02\/Progettazione_delle_Opere_Di_Sostegno_in_Terra_Rinforzata.png\",\"contentUrl\":\"https:\/\/www.geostru.eu\/wp-content\/uploads\/2017\/02\/Progettazione_delle_Opere_Di_Sostegno_in_Terra_Rinforzata.png\",\"width\":581,\"height\":831},{\"@type\":\"BreadcrumbList\",\"@id\":\"https:\/\/www.geostru.eu\/en\/shop\/book-en\/opere-di-sostegno-terra-rinforzata\/#breadcrumb\",\"itemListElement\":[{\"@type\":\"ListItem\",\"position\":1,\"name\":\"Home\",\"item\":\"https:\/\/www.geostru.eu\/en\/\"},{\"@type\":\"ListItem\",\"position\":2,\"name\":\"Shop\",\"item\":\"https:\/\/www.geostru.eu\/shop\/?lang=en\"},{\"@type\":\"ListItem\",\"position\":3,\"name\":\"Opere Di Sostegno in Terra Rinforzata\"}]},{\"@type\":\"WebSite\",\"@id\":\"https:\/\/www.geostru.eu\/en\/#website\",\"url\":\"https:\/\/www.geostru.eu\/en\/\",\"name\":\"GeoStru EU\",\"description\":\"Professionals at your service\",\"publisher\":{\"@id\":\"https:\/\/www.geostru.eu\/en\/#organization\"},\"potentialAction\":[{\"@type\":\"SearchAction\",\"target\":{\"@type\":\"EntryPoint\",\"urlTemplate\":\"https:\/\/www.geostru.eu\/en\/?s={search_term_string}\"},\"query-input\":{\"@type\":\"PropertyValueSpecification\",\"valueRequired\":true,\"valueName\":\"search_term_string\"}}],\"inLanguage\":\"en-US\"},{\"@type\":\"Organization\",\"@id\":\"https:\/\/www.geostru.eu\/en\/#organization\",\"name\":\"GeoStru EU\",\"url\":\"https:\/\/www.geostru.eu\/en\/\",\"logo\":{\"@type\":\"ImageObject\",\"inLanguage\":\"en-US\",\"@id\":\"https:\/\/www.geostru.eu\/en\/#\/schema\/logo\/image\/\",\"url\":\"https:\/\/www.geostru.eu\/wp-content\/uploads\/2023\/02\/LOGO_GEOSTRU_educational_banner.png\",\"contentUrl\":\"https:\/\/www.geostru.eu\/wp-content\/uploads\/2023\/02\/LOGO_GEOSTRU_educational_banner.png\",\"width\":363,\"height\":115,\"caption\":\"GeoStru EU\"},\"image\":{\"@id\":\"https:\/\/www.geostru.eu\/en\/#\/schema\/logo\/image\/\"},\"sameAs\":[\"https:\/\/www.facebook.com\/GeoStruSoftware\/\",\"https:\/\/x.com\/geostru\",\"https:\/\/www.linkedin.com\/company\/2462488\/admin\/\",\"https:\/\/www.instagram.com\/geostru\/\"]}]}<\/script>\n<meta property=\"product:brand\" content=\"Books\" \/>\n<meta property=\"product:price:amount\" content=\"0.00\" \/>\n<meta property=\"product:price:currency\" content=\"EUR\" \/>\n<meta property=\"og:availability\" content=\"instock\" \/>\n<meta property=\"product:availability\" content=\"instock\" \/>\n<meta property=\"product:retailer_item_id\" content=\"56\" \/>\n<meta property=\"product:condition\" content=\"new\" \/>\n<!-- \/ Yoast SEO Premium plugin. -->","yoast_head_json":{"title":"Opere Di Sostegno in Terra Rinforzata - GeoStru EU","robots":{"index":"index","follow":"follow","max-snippet":"max-snippet:-1","max-image-preview":"max-image-preview:large","max-video-preview":"max-video-preview:-1"},"canonical":"https:\/\/www.geostru.eu\/en\/shop\/book-en\/opere-di-sostegno-terra-rinforzata\/","og_locale":"en_US","og_type":"article","og_title":"Opere Di Sostegno in Terra Rinforzata","og_description":"Le opere in terra rinforzata e le loro applicazioni rappresentano attualmente una grande risorsa nell\u2019ambito della progettazione e, pi\u00f9 in generale, dell\u2019ingegneria geotecnica, naturalistica ed ambientale. Le strutture in terra rinforzata, che combinano le propriet\u00e0 e le caratteristiche del terreno e del rinforzo, trovano applicazione in una ormai ampia gamma di settori, come opere di sostegno, opere di contenimento, opere in rilevato e opere accessorie di arredo urbano. Pertanto, il manuale \u2018Guida alla progettazione delle Opere di Sostegno in Terra Rinforzata\u2019 si pone come obbiettivo quello di guidare il progettista nella fase della progettazione e di verifica, tramite cenni teorici, riferimenti normativi ed esempi pratici.  Lingua: Italiano Editore: Geostru Dimensioni: 16.5x24x2  &nbsp;  &nbsp;    Il libro \u00e8 disponibile in un formato digitale multimediale sfogliabile online, responsive su qualsiasi dispositivo (telefono, tablet e PC) e arricchito con contenuti video e assistente AI integrato","og_url":"https:\/\/www.geostru.eu\/en\/shop\/book-en\/opere-di-sostegno-terra-rinforzata\/","og_site_name":"GeoStru EU","article_publisher":"https:\/\/www.facebook.com\/GeoStruSoftware\/","article_modified_time":"2026-01-09T16:21:08+00:00","og_image":[{"width":581,"height":831,"url":"https:\/\/www.geostru.eu\/wp-content\/uploads\/2017\/02\/Progettazione_delle_Opere_Di_Sostegno_in_Terra_Rinforzata.png","type":"image\/png"}],"twitter_card":"summary_large_image","twitter_site":"@geostru","twitter_misc":{"Price":"","Availability":"In stock"},"schema":{"@context":"https:\/\/schema.org","@graph":[{"@type":"WebPage","@id":"https:\/\/www.geostru.eu\/en\/shop\/book-en\/opere-di-sostegno-terra-rinforzata\/","url":"https:\/\/www.geostru.eu\/en\/shop\/book-en\/opere-di-sostegno-terra-rinforzata\/","name":"Opere Di Sostegno in Terra Rinforzata - GeoStru EU","isPartOf":{"@id":"https:\/\/www.geostru.eu\/en\/#website"},"primaryImageOfPage":{"@id":"https:\/\/www.geostru.eu\/en\/shop\/book-en\/opere-di-sostegno-terra-rinforzata\/#primaryimage"},"image":{"@id":"https:\/\/www.geostru.eu\/en\/shop\/book-en\/opere-di-sostegno-terra-rinforzata\/#primaryimage"},"thumbnailUrl":"https:\/\/www.geostru.eu\/wp-content\/uploads\/2017\/02\/Progettazione_delle_Opere_Di_Sostegno_in_Terra_Rinforzata.png","datePublished":"2017-02-02T12:13:00+00:00","dateModified":"2026-01-09T16:21:08+00:00","breadcrumb":{"@id":"https:\/\/www.geostru.eu\/en\/shop\/book-en\/opere-di-sostegno-terra-rinforzata\/#breadcrumb"},"inLanguage":"en-US","potentialAction":[{"@type":"ReadAction","target":["https:\/\/www.geostru.eu\/en\/shop\/book-en\/opere-di-sostegno-terra-rinforzata\/"]}]},{"@type":"ImageObject","inLanguage":"en-US","@id":"https:\/\/www.geostru.eu\/en\/shop\/book-en\/opere-di-sostegno-terra-rinforzata\/#primaryimage","url":"https:\/\/www.geostru.eu\/wp-content\/uploads\/2017\/02\/Progettazione_delle_Opere_Di_Sostegno_in_Terra_Rinforzata.png","contentUrl":"https:\/\/www.geostru.eu\/wp-content\/uploads\/2017\/02\/Progettazione_delle_Opere_Di_Sostegno_in_Terra_Rinforzata.png","width":581,"height":831},{"@type":"BreadcrumbList","@id":"https:\/\/www.geostru.eu\/en\/shop\/book-en\/opere-di-sostegno-terra-rinforzata\/#breadcrumb","itemListElement":[{"@type":"ListItem","position":1,"name":"Home","item":"https:\/\/www.geostru.eu\/en\/"},{"@type":"ListItem","position":2,"name":"Shop","item":"https:\/\/www.geostru.eu\/shop\/?lang=en"},{"@type":"ListItem","position":3,"name":"Opere Di Sostegno in Terra Rinforzata"}]},{"@type":"WebSite","@id":"https:\/\/www.geostru.eu\/en\/#website","url":"https:\/\/www.geostru.eu\/en\/","name":"GeoStru EU","description":"Professionals at your service","publisher":{"@id":"https:\/\/www.geostru.eu\/en\/#organization"},"potentialAction":[{"@type":"SearchAction","target":{"@type":"EntryPoint","urlTemplate":"https:\/\/www.geostru.eu\/en\/?s={search_term_string}"},"query-input":{"@type":"PropertyValueSpecification","valueRequired":true,"valueName":"search_term_string"}}],"inLanguage":"en-US"},{"@type":"Organization","@id":"https:\/\/www.geostru.eu\/en\/#organization","name":"GeoStru EU","url":"https:\/\/www.geostru.eu\/en\/","logo":{"@type":"ImageObject","inLanguage":"en-US","@id":"https:\/\/www.geostru.eu\/en\/#\/schema\/logo\/image\/","url":"https:\/\/www.geostru.eu\/wp-content\/uploads\/2023\/02\/LOGO_GEOSTRU_educational_banner.png","contentUrl":"https:\/\/www.geostru.eu\/wp-content\/uploads\/2023\/02\/LOGO_GEOSTRU_educational_banner.png","width":363,"height":115,"caption":"GeoStru EU"},"image":{"@id":"https:\/\/www.geostru.eu\/en\/#\/schema\/logo\/image\/"},"sameAs":["https:\/\/www.facebook.com\/GeoStruSoftware\/","https:\/\/x.com\/geostru","https:\/\/www.linkedin.com\/company\/2462488\/admin\/","https:\/\/www.instagram.com\/geostru\/"]}]},"product_brand":"Books","product_price_amount":"0.00","product_price_currency":"EUR","og_availability":"instock","product_availability":"instock","product_retailer_item_id":"56","product_condition":"new"},"_links":{"self":[{"href":"https:\/\/www.geostru.eu\/en\/wp-json\/wp\/v2\/product\/27727"}],"collection":[{"href":"https:\/\/www.geostru.eu\/en\/wp-json\/wp\/v2\/product"}],"about":[{"href":"https:\/\/www.geostru.eu\/en\/wp-json\/wp\/v2\/types\/product"}],"replies":[{"embeddable":true,"href":"https:\/\/www.geostru.eu\/en\/wp-json\/wp\/v2\/comments?post=27727"}],"wp:featuredmedia":[{"embeddable":true,"href":"https:\/\/www.geostru.eu\/en\/wp-json\/wp\/v2\/media\/27731"}],"wp:attachment":[{"href":"https:\/\/www.geostru.eu\/en\/wp-json\/wp\/v2\/media?parent=27727"}],"wp:term":[{"taxonomy":"product_cat","embeddable":true,"href":"https:\/\/www.geostru.eu\/en\/wp-json\/wp\/v2\/product_cat?post=27727"},{"taxonomy":"product_tag","embeddable":true,"href":"https:\/\/www.geostru.eu\/en\/wp-json\/wp\/v2\/product_tag?post=27727"}],"curies":[{"name":"wp","href":"https:\/\/api.w.org\/{rel}","templated":true}]}}