{"id":22126,"date":"2016-05-24T10:58:26","date_gmt":"2016-05-24T08:58:26","guid":{"rendered":"https:\/\/www.geostru.eu\/?post_type=product&#038;p=22126&#038;lang=en"},"modified":"2025-11-05T11:24:04","modified_gmt":"2025-11-05T10:24:04","slug":"geostru-ps-advanced-pericolosita-sismica-di-base-e-di-sito","status":"publish","type":"product","link":"https:\/\/www.geostru.eu\/en\/shop\/software-en\/geology-software\/geostru-ps-advanced-pericolosita-sismica-di-base-e-di-sito\/","title":{"rendered":"Pericolosit\u00e0 sismica di base e di sito &#8211; Geostru PS Advanced"},"content":{"rendered":"<p style=\"text-align: justify\">Per la definizione delle azioni sismiche sugli edifici, le Norme Tecniche per le Costruzioni (NTC) delineano e consigliano un approccio di tipo prestazionale per la progettazione delle strutture nuove e per la verifica di quelle esistenti. Tutto questo ha il fine di controllare il livello di danneggiamento della struttura a fronte delle sollecitazioni sismiche di intensit\u00e0 diversa che si possono verificare nel sito di riferimento.<br \/>\nLa sollecitazione sismica sulle costruzioni viene valutata a partire da una pericolosit\u00e0 sismica di base, in condizioni ideali del sito di riferimento rigido con superficie topografica orizzontale, che nelle NTC corrisponde ad un suolo di categoria A.<\/p>\n<p style=\"text-align: justify\"><strong>PERICOLOSITA&#8217; SISMICA DI BASE<\/strong><br \/>\nLa pericolosit\u00e0 sismica di base, quindi, rappresenta l\u2019elemento fondamentale di conoscenza per la determinazione delle sollecitazioni sismiche sulle costruzioni.<\/p>\n<p style=\"text-align: justify\">Le forme spettrali previste dalle NTC sono definite, su sito di riferimento rigido orizzontale, in funzione dei tre parametri:<\/p>\n<ul>\n<li style=\"text-align: justify\">a<sub>g<\/sub> accelerazione orizzontale massima del terreno<\/li>\n<li style=\"text-align: justify\">F0 valore massimo del fattore di amplificazione dello spettro in accelerazione orizzontale<\/li>\n<li style=\"text-align: justify\">Tc* periodo di inizio del tratto a velocit\u00e0 costante dello spettro in accelerazione orizzontale<\/li>\n<\/ul>\n<p style=\"text-align: justify\"><strong>PERICOLOSITA&#8217; SISMICA DI UN SITO<\/strong><br \/>\nLe condizioni del sito di riferimento rigido in generale non corrispondono a quelle effettive. \u00c8 necessario, pertanto, tenere conto delle condizioni stratigrafiche del volume di terreno interessato dall\u2019opera ed anche delle condizioni topografiche, poich\u00e9 entrambi questi fattori concorrono a modificare l\u2019azione sismica in superficie rispetto a quella attesa su un sito rigido con superficie orizzontale.<\/p>\n<p style=\"text-align: justify\"><strong>REDAZIONE DELLE RELAZIONI DI CALCOLO<\/strong><br \/>\nLe norme NTC al Cap. 10, disciplinano la redazione dei progetti esecutivi e delle strutture, contengono inoltre i criteri guida per il loro esame ed approvazione da parte degli Uffici preposti nonch\u00e9 criteri per la loro verifica e validazione.<\/p>\n<p style=\"text-align: justify\">Tra le relazioni specialistiche rientra la relazione sulla modellazione sismica concernente la <em>\u201cpericolosit\u00e0 sismica di base\u201d<\/em> del sito di costruzione (3.2 delle NTC e C3.2 della circolare)<\/p>\n","protected":false},"excerpt":{"rendered":"<p><strong>Geostru PS &#8211; Advanced<\/strong>, produce una accurata relazione automatica sulla pericolosit\u00e0 sismica di sito:<\/p>\n<ul>\n<li>Localizzazione automatica del sito<\/li>\n<li>Pericolosit\u00e0 sismica di base<\/li>\n<li>Pericolosit\u00e0 sismica di sito<\/li>\n<li>Storia sismica del sito<\/li>\n<li>Rappresentazione degli spettri elastici e di progetto. Calcolo dei coefficienti sismici cinematici ed inerziali<\/li>\n<li>Redazione di una accurata relazione di calcolo secondo quanto previsto al C10 Relazioni specialistiche<\/li>\n<li>Generazione automatica dei file sismici da importare in altri software <strong>GEOSTRU<\/strong><\/li>\n<\/ul>\n<p>&nbsp;<\/p>\n<blockquote>\n<h4 style=\"text-align: center\"><span style=\"font-size: 14pt\"><strong>AVAILABLE ONLY IN ITALIAN<\/strong><\/span><\/h4>\n<\/blockquote>\n<p>&nbsp;<\/p>\n","protected":false},"featured_media":2238,"comment_status":"open","ping_status":"closed","template":"","meta":[],"product_cat":[532,13],"product_tag":[477],"class_list":{"0":"post-22126","1":"product","2":"type-product","3":"status-publish","4":"has-post-thumbnail","6":"product_cat-geology-software","7":"product_cat-geotechnical-software","8":"product_tag-geostru-ps","9":"description-off","11":"first","12":"instock","13":"downloadable","14":"virtual","15":"sold-individually","16":"taxable","17":"purchasable","18":"product-type-licensed"},"yoast_head":"<!-- This site is optimized with the Yoast SEO Premium plugin v25.0 (Yoast SEO v25.0) - https:\/\/yoast.com\/wordpress\/plugins\/seo\/ -->\n<title>Pericolosit\u00e0 sismica di base e di sito - Geostru PS Advanced - GeoStru EU<\/title>\n<meta name=\"robots\" content=\"index, follow, max-snippet:-1, max-image-preview:large, max-video-preview:-1\" \/>\n<link rel=\"canonical\" href=\"https:\/\/www.geostru.eu\/en\/shop\/software-en\/geology-software\/geostru-ps-advanced-pericolosita-sismica-di-base-e-di-sito\/\" \/>\n<meta property=\"og:locale\" content=\"en_US\" \/>\n<meta property=\"og:type\" content=\"article\" \/>\n<meta property=\"og:title\" content=\"Pericolosit\u00e0 sismica di base e di sito - Geostru PS Advanced\" \/>\n<meta property=\"og:description\" content=\"Geostru PS - Advanced, produce una accurata relazione automatica sulla pericolosit\u00e0 sismica di sito:   Localizzazione automatica del sito  Pericolosit\u00e0 sismica di base  Pericolosit\u00e0 sismica di sito  Storia sismica del sito  Rappresentazione degli spettri elastici e di progetto. Calcolo dei coefficienti sismici cinematici ed inerziali  Redazione di una accurata relazione di calcolo secondo quanto previsto al C10 Relazioni specialistiche  Generazione automatica dei file sismici da importare in altri software GEOSTRU  &nbsp;  AVAILABLE ONLY IN ITALIAN  &nbsp;\" \/>\n<meta property=\"og:url\" content=\"https:\/\/www.geostru.eu\/en\/shop\/software-en\/geology-software\/geostru-ps-advanced-pericolosita-sismica-di-base-e-di-sito\/\" \/>\n<meta property=\"og:site_name\" content=\"GeoStru EU\" \/>\n<meta property=\"article:publisher\" content=\"https:\/\/www.facebook.com\/GeoStruSoftware\/\" \/>\n<meta property=\"article:modified_time\" content=\"2025-11-05T10:24:04+00:00\" \/>\n<meta property=\"og:image\" content=\"https:\/\/www.geostru.eu\/wp-content\/uploads\/2014\/07\/geostru-ps-advanced_O_800.png\" \/>\n\t<meta property=\"og:image:width\" content=\"800\" \/>\n\t<meta property=\"og:image:height\" content=\"433\" \/>\n\t<meta property=\"og:image:type\" content=\"image\/png\" \/>\n<meta name=\"twitter:card\" content=\"summary_large_image\" \/>\n<meta name=\"twitter:site\" content=\"@geostru\" \/>\n<meta name=\"twitter:label1\" content=\"Price\" \/>\n\t<meta name=\"twitter:data1\" content=\"&euro;490.00 exc. VAT\" \/>\n\t<meta name=\"twitter:label2\" content=\"Availability\" \/>\n\t<meta name=\"twitter:data2\" content=\"In stock\" \/>\n<script type=\"application\/ld+json\" class=\"yoast-schema-graph\">{\"@context\":\"https:\/\/schema.org\",\"@graph\":[{\"@type\":\"WebPage\",\"@id\":\"https:\/\/www.geostru.eu\/en\/shop\/software-en\/geology-software\/geostru-ps-advanced-pericolosita-sismica-di-base-e-di-sito\/\",\"url\":\"https:\/\/www.geostru.eu\/en\/shop\/software-en\/geology-software\/geostru-ps-advanced-pericolosita-sismica-di-base-e-di-sito\/\",\"name\":\"Pericolosit\u00e0 sismica di base e di sito - Geostru PS Advanced - GeoStru EU\",\"isPartOf\":{\"@id\":\"https:\/\/www.geostru.eu\/en\/#website\"},\"primaryImageOfPage\":{\"@id\":\"https:\/\/www.geostru.eu\/en\/shop\/software-en\/geology-software\/geostru-ps-advanced-pericolosita-sismica-di-base-e-di-sito\/#primaryimage\"},\"image\":{\"@id\":\"https:\/\/www.geostru.eu\/en\/shop\/software-en\/geology-software\/geostru-ps-advanced-pericolosita-sismica-di-base-e-di-sito\/#primaryimage\"},\"thumbnailUrl\":\"https:\/\/www.geostru.eu\/wp-content\/uploads\/2014\/07\/geostru-ps-advanced_O_800.png\",\"datePublished\":\"2016-05-24T08:58:26+00:00\",\"dateModified\":\"2025-11-05T10:24:04+00:00\",\"breadcrumb\":{\"@id\":\"https:\/\/www.geostru.eu\/en\/shop\/software-en\/geology-software\/geostru-ps-advanced-pericolosita-sismica-di-base-e-di-sito\/#breadcrumb\"},\"inLanguage\":\"en-US\",\"potentialAction\":[{\"@type\":\"ReadAction\",\"target\":[\"https:\/\/www.geostru.eu\/en\/shop\/software-en\/geology-software\/geostru-ps-advanced-pericolosita-sismica-di-base-e-di-sito\/\"]}]},{\"@type\":\"ImageObject\",\"inLanguage\":\"en-US\",\"@id\":\"https:\/\/www.geostru.eu\/en\/shop\/software-en\/geology-software\/geostru-ps-advanced-pericolosita-sismica-di-base-e-di-sito\/#primaryimage\",\"url\":\"https:\/\/www.geostru.eu\/wp-content\/uploads\/2014\/07\/geostru-ps-advanced_O_800.png\",\"contentUrl\":\"https:\/\/www.geostru.eu\/wp-content\/uploads\/2014\/07\/geostru-ps-advanced_O_800.png\",\"width\":800,\"height\":433},{\"@type\":\"BreadcrumbList\",\"@id\":\"https:\/\/www.geostru.eu\/en\/shop\/software-en\/geology-software\/geostru-ps-advanced-pericolosita-sismica-di-base-e-di-sito\/#breadcrumb\",\"itemListElement\":[{\"@type\":\"ListItem\",\"position\":1,\"name\":\"Home\",\"item\":\"https:\/\/www.geostru.eu\/en\/\"},{\"@type\":\"ListItem\",\"position\":2,\"name\":\"Shop\",\"item\":\"https:\/\/www.geostru.eu\/shop\/?lang=en\"},{\"@type\":\"ListItem\",\"position\":3,\"name\":\"Pericolosit\u00e0 sismica di base e di sito &#8211; Geostru PS Advanced\"}]},{\"@type\":\"WebSite\",\"@id\":\"https:\/\/www.geostru.eu\/en\/#website\",\"url\":\"https:\/\/www.geostru.eu\/en\/\",\"name\":\"GeoStru EU\",\"description\":\"Professionals at your service\",\"publisher\":{\"@id\":\"https:\/\/www.geostru.eu\/en\/#organization\"},\"potentialAction\":[{\"@type\":\"SearchAction\",\"target\":{\"@type\":\"EntryPoint\",\"urlTemplate\":\"https:\/\/www.geostru.eu\/en\/?s={search_term_string}\"},\"query-input\":{\"@type\":\"PropertyValueSpecification\",\"valueRequired\":true,\"valueName\":\"search_term_string\"}}],\"inLanguage\":\"en-US\"},{\"@type\":\"Organization\",\"@id\":\"https:\/\/www.geostru.eu\/en\/#organization\",\"name\":\"GeoStru EU\",\"url\":\"https:\/\/www.geostru.eu\/en\/\",\"logo\":{\"@type\":\"ImageObject\",\"inLanguage\":\"en-US\",\"@id\":\"https:\/\/www.geostru.eu\/en\/#\/schema\/logo\/image\/\",\"url\":\"https:\/\/www.geostru.eu\/wp-content\/uploads\/2023\/02\/LOGO_GEOSTRU_educational_banner.png\",\"contentUrl\":\"https:\/\/www.geostru.eu\/wp-content\/uploads\/2023\/02\/LOGO_GEOSTRU_educational_banner.png\",\"width\":363,\"height\":115,\"caption\":\"GeoStru EU\"},\"image\":{\"@id\":\"https:\/\/www.geostru.eu\/en\/#\/schema\/logo\/image\/\"},\"sameAs\":[\"https:\/\/www.facebook.com\/GeoStruSoftware\/\",\"https:\/\/x.com\/geostru\",\"https:\/\/www.linkedin.com\/company\/2462488\/admin\/\",\"https:\/\/www.instagram.com\/geostru\/\"]}]}<\/script>\n<meta property=\"product:brand\" content=\"Geology\" \/>\n<meta property=\"product:price:amount\" content=\"490.00\" \/>\n<meta property=\"product:price:currency\" content=\"EUR\" \/>\n<meta property=\"og:availability\" content=\"instock\" \/>\n<meta property=\"product:availability\" content=\"instock\" \/>\n<meta property=\"product:retailer_item_id\" content=\"29\" \/>\n<meta property=\"product:condition\" content=\"new\" \/>\n<!-- \/ Yoast SEO Premium plugin. -->","yoast_head_json":{"title":"Pericolosit\u00e0 sismica di base e di sito - Geostru PS Advanced - GeoStru EU","robots":{"index":"index","follow":"follow","max-snippet":"max-snippet:-1","max-image-preview":"max-image-preview:large","max-video-preview":"max-video-preview:-1"},"canonical":"https:\/\/www.geostru.eu\/en\/shop\/software-en\/geology-software\/geostru-ps-advanced-pericolosita-sismica-di-base-e-di-sito\/","og_locale":"en_US","og_type":"article","og_title":"Pericolosit\u00e0 sismica di base e di sito - Geostru PS Advanced","og_description":"Geostru PS - Advanced, produce una accurata relazione automatica sulla pericolosit\u00e0 sismica di sito:   Localizzazione automatica del sito  Pericolosit\u00e0 sismica di base  Pericolosit\u00e0 sismica di sito  Storia sismica del sito  Rappresentazione degli spettri elastici e di progetto. Calcolo dei coefficienti sismici cinematici ed inerziali  Redazione di una accurata relazione di calcolo secondo quanto previsto al C10 Relazioni specialistiche  Generazione automatica dei file sismici da importare in altri software GEOSTRU  &nbsp;  AVAILABLE ONLY IN ITALIAN  &nbsp;","og_url":"https:\/\/www.geostru.eu\/en\/shop\/software-en\/geology-software\/geostru-ps-advanced-pericolosita-sismica-di-base-e-di-sito\/","og_site_name":"GeoStru EU","article_publisher":"https:\/\/www.facebook.com\/GeoStruSoftware\/","article_modified_time":"2025-11-05T10:24:04+00:00","og_image":[{"width":800,"height":433,"url":"https:\/\/www.geostru.eu\/wp-content\/uploads\/2014\/07\/geostru-ps-advanced_O_800.png","type":"image\/png"}],"twitter_card":"summary_large_image","twitter_site":"@geostru","twitter_misc":{"Price":"&euro;490.00 exc. VAT","Availability":"In stock"},"schema":{"@context":"https:\/\/schema.org","@graph":[{"@type":"WebPage","@id":"https:\/\/www.geostru.eu\/en\/shop\/software-en\/geology-software\/geostru-ps-advanced-pericolosita-sismica-di-base-e-di-sito\/","url":"https:\/\/www.geostru.eu\/en\/shop\/software-en\/geology-software\/geostru-ps-advanced-pericolosita-sismica-di-base-e-di-sito\/","name":"Pericolosit\u00e0 sismica di base e di sito - Geostru PS Advanced - GeoStru EU","isPartOf":{"@id":"https:\/\/www.geostru.eu\/en\/#website"},"primaryImageOfPage":{"@id":"https:\/\/www.geostru.eu\/en\/shop\/software-en\/geology-software\/geostru-ps-advanced-pericolosita-sismica-di-base-e-di-sito\/#primaryimage"},"image":{"@id":"https:\/\/www.geostru.eu\/en\/shop\/software-en\/geology-software\/geostru-ps-advanced-pericolosita-sismica-di-base-e-di-sito\/#primaryimage"},"thumbnailUrl":"https:\/\/www.geostru.eu\/wp-content\/uploads\/2014\/07\/geostru-ps-advanced_O_800.png","datePublished":"2016-05-24T08:58:26+00:00","dateModified":"2025-11-05T10:24:04+00:00","breadcrumb":{"@id":"https:\/\/www.geostru.eu\/en\/shop\/software-en\/geology-software\/geostru-ps-advanced-pericolosita-sismica-di-base-e-di-sito\/#breadcrumb"},"inLanguage":"en-US","potentialAction":[{"@type":"ReadAction","target":["https:\/\/www.geostru.eu\/en\/shop\/software-en\/geology-software\/geostru-ps-advanced-pericolosita-sismica-di-base-e-di-sito\/"]}]},{"@type":"ImageObject","inLanguage":"en-US","@id":"https:\/\/www.geostru.eu\/en\/shop\/software-en\/geology-software\/geostru-ps-advanced-pericolosita-sismica-di-base-e-di-sito\/#primaryimage","url":"https:\/\/www.geostru.eu\/wp-content\/uploads\/2014\/07\/geostru-ps-advanced_O_800.png","contentUrl":"https:\/\/www.geostru.eu\/wp-content\/uploads\/2014\/07\/geostru-ps-advanced_O_800.png","width":800,"height":433},{"@type":"BreadcrumbList","@id":"https:\/\/www.geostru.eu\/en\/shop\/software-en\/geology-software\/geostru-ps-advanced-pericolosita-sismica-di-base-e-di-sito\/#breadcrumb","itemListElement":[{"@type":"ListItem","position":1,"name":"Home","item":"https:\/\/www.geostru.eu\/en\/"},{"@type":"ListItem","position":2,"name":"Shop","item":"https:\/\/www.geostru.eu\/shop\/?lang=en"},{"@type":"ListItem","position":3,"name":"Pericolosit\u00e0 sismica di base e di sito &#8211; Geostru PS Advanced"}]},{"@type":"WebSite","@id":"https:\/\/www.geostru.eu\/en\/#website","url":"https:\/\/www.geostru.eu\/en\/","name":"GeoStru EU","description":"Professionals at your service","publisher":{"@id":"https:\/\/www.geostru.eu\/en\/#organization"},"potentialAction":[{"@type":"SearchAction","target":{"@type":"EntryPoint","urlTemplate":"https:\/\/www.geostru.eu\/en\/?s={search_term_string}"},"query-input":{"@type":"PropertyValueSpecification","valueRequired":true,"valueName":"search_term_string"}}],"inLanguage":"en-US"},{"@type":"Organization","@id":"https:\/\/www.geostru.eu\/en\/#organization","name":"GeoStru EU","url":"https:\/\/www.geostru.eu\/en\/","logo":{"@type":"ImageObject","inLanguage":"en-US","@id":"https:\/\/www.geostru.eu\/en\/#\/schema\/logo\/image\/","url":"https:\/\/www.geostru.eu\/wp-content\/uploads\/2023\/02\/LOGO_GEOSTRU_educational_banner.png","contentUrl":"https:\/\/www.geostru.eu\/wp-content\/uploads\/2023\/02\/LOGO_GEOSTRU_educational_banner.png","width":363,"height":115,"caption":"GeoStru EU"},"image":{"@id":"https:\/\/www.geostru.eu\/en\/#\/schema\/logo\/image\/"},"sameAs":["https:\/\/www.facebook.com\/GeoStruSoftware\/","https:\/\/x.com\/geostru","https:\/\/www.linkedin.com\/company\/2462488\/admin\/","https:\/\/www.instagram.com\/geostru\/"]}]},"product_brand":"Geology","product_price_amount":"490.00","product_price_currency":"EUR","og_availability":"instock","product_availability":"instock","product_retailer_item_id":"29","product_condition":"new"},"_links":{"self":[{"href":"https:\/\/www.geostru.eu\/en\/wp-json\/wp\/v2\/product\/22126"}],"collection":[{"href":"https:\/\/www.geostru.eu\/en\/wp-json\/wp\/v2\/product"}],"about":[{"href":"https:\/\/www.geostru.eu\/en\/wp-json\/wp\/v2\/types\/product"}],"replies":[{"embeddable":true,"href":"https:\/\/www.geostru.eu\/en\/wp-json\/wp\/v2\/comments?post=22126"}],"wp:featuredmedia":[{"embeddable":true,"href":"https:\/\/www.geostru.eu\/en\/wp-json\/wp\/v2\/media\/2238"}],"wp:attachment":[{"href":"https:\/\/www.geostru.eu\/en\/wp-json\/wp\/v2\/media?parent=22126"}],"wp:term":[{"taxonomy":"product_cat","embeddable":true,"href":"https:\/\/www.geostru.eu\/en\/wp-json\/wp\/v2\/product_cat?post=22126"},{"taxonomy":"product_tag","embeddable":true,"href":"https:\/\/www.geostru.eu\/en\/wp-json\/wp\/v2\/product_tag?post=22126"}],"curies":[{"name":"wp","href":"https:\/\/api.w.org\/{rel}","templated":true}]}}