{"id":156263,"date":"2025-02-10T16:09:51","date_gmt":"2025-02-10T15:09:51","guid":{"rendered":"https:\/\/www.geostru.eu\/?post_type=product&#038;p=156263"},"modified":"2025-02-10T16:48:33","modified_gmt":"2025-02-10T15:48:33","slug":"protrack-gps","status":"publish","type":"product","link":"https:\/\/www.geostru.eu\/en\/shop\/software-and-technical-instrumentation\/protrack-gps\/","title":{"rendered":"ProTrack GPS"},"content":{"rendered":"<div class=\"wpb-content-wrapper\"><div class=\"wpb_text_column wpb_content_element \">\r\n<div class=\"wpb_wrapper\">[vc_row full_width=&#8221;stretch_row&#8221; bg_type=&#8221;bg_color&#8221; bg_color_value=&#8221;#3e59d6&#8243;][vc_column][vc_single_image image=&#8221;156226&#8243; img_size=&#8221;large&#8221; alignment=&#8221;center&#8221; css=&#8221;&#8221;][vc_column_text]\r\n<p class=\"wp-block-heading\"><\/p>\r\n<div class=\"wp-block-group is-nowrap is-layout-flex wp-container-core-group-is-layout-1 wp-block-group-is-layout-flex\" style=\"text-align: center;\">\u00a0<\/div>\r\n<p class=\"wp-block-heading\"><\/p>\r\n<p style=\"text-align: center;\"><\/p>\r\n<h2 class=\"wp-block-heading\" style=\"color: white; text-align: center;\"><strong>ProTrack GPS adaug\u0103 precizie \u0219i u\u0219urin\u021b\u0103 \u00een utilizare muncii dvs. de teren.<\/strong><\/h2>\r\n<p class=\"wp-block-heading\"><\/p>\r\n<p style=\"text-align: center;\"><\/p>\r\n<p style=\"text-align: center;\">[\/vc_column_text][vc_empty_space][\/vc_column][\/vc_row][vc_row][vc_column][vc_empty_space height=&#8221;62px&#8221;][vc_column_text css=&#8221;&#8221;]<\/p>\r\n<h4 style=\"text-align: center;\">U\u0219urin\u021b\u0103 \u00een utilizare \u0219i precizie, GPS-ul ProTrack a revolu\u021bionat domeniul topografiei.<\/h4>\r\n<h6 style=\"text-align: center;\"><strong style=\"color: green;\">ProTrack (aparatul GPS) + Software de procesare a datelor dezvoltat pe interfa\u021ba Autodesk + Aplica\u021bia mobil\u0103 Doar 2250,00 EUR + TVA.<\/strong><\/h6>\r\n<h6 style=\"text-align: center;\"><strong>Se prevede posibilitatea de plata \u00een rate.<\/strong><\/h6>\r\n[\/vc_column_text][vc_empty_space][\/vc_column][\/vc_row][vc_row][vc_column][vc_column_text]\r\n<h4 style=\"text-align: center;\">Proiectat pentru a se adapta tuturor domeniilor de utilizare, acest instrument asigur\u0103 eficien\u021b\u0103 energetic\u0103<\/h4>\r\n[\/vc_column_text][vc_empty_space height=&#8221;64px&#8221;][\/vc_column][\/vc_row][vc_row disable_element=&#8221;yes&#8221;][vc_column][vc_video link=&#8221;https:\/\/youtu.be\/z3X78WBvIxU&#8221; align=&#8221;right&#8221; el_id=&#8221;https:\/\/youtu.be\/z3X78WBvIxU&#8221; el_class=&#8221;Analist Mobile: Aplica\u021bia pentru GPS-ul t\u0103u ProTrack&#8221; title=&#8221;Analist Mobile: Aplica\u021bia pentru GPS-ul t\u0103u ProTrack&#8221;][vc_empty_space][\/vc_column][\/vc_row][vc_row][vc_column width=&#8221;1\/2&#8243;][vc_single_image image=&#8221;156197&#8243; img_size=&#8221;medium&#8221; alignment=&#8221;center&#8221; css=&#8221;&#8221;][vc_empty_space][\/vc_column][vc_column width=&#8221;1\/2&#8243;][vc_empty_space][vc_column_text css=&#8221;&#8221;]\r\n<h2 style=\"text-align: center;\"><strong>ProTrack.\u00a0Putere, acurate\u021be \u0219i u\u0219urin\u021b\u0103 \u00een utilizare.<\/strong><\/h2>\r\n[\/vc_column_text][\/vc_column][\/vc_row][vc_row][vc_column width=&#8221;1\/2&#8243;][vc_empty_space][vc_empty_space][vc_column_text css=&#8221;&#8221;]\r\n<h2 style=\"text-align: center;\"><strong>U\u0219or de utilizat. Performan\u021b\u0103 garantat\u0103.<\/strong><\/h2>\r\n<h5 style=\"text-align: center;\">ProTrack genereaz\u0103 puncte virtuale din cele preluate \u00een teren, asigur\u00e2nd o modelare simpl\u0103, eficient\u0103 \u0219i productiv\u0103. Func\u021biile furnizate pentru determinarea diferen\u021belor de nivel sunt simple \u0219i intuitive, facilit\u00e2nd munca \u0219i \u00eembun\u0103t\u0103\u021bind productivitatea.<\/h5>\r\n[\/vc_column_text][\/vc_column][vc_column width=&#8221;1\/2&#8243;][vc_single_image image=&#8221;156231&#8243; img_size=&#8221;270&#215;585&#8243; alignment=&#8221;center&#8221; css=&#8221;&#8221;][vc_empty_space][\/vc_column][\/vc_row][vc_row][vc_column width=&#8221;1\/2&#8243;]<div class=\"ult-spacer spacer-69e05af621ebb\" data-id=\"69e05af621ebb\" data-height=\"10\" data-height-mobile=\"10\" data-height-tab=\"10\" data-height-tab-portrait=\"10\" data-height-mobile-landscape=\"10\" style=\"clear:both;display:block;\"><\/div><div class=\"ult-spacer spacer-69e05af621f29\" data-id=\"69e05af621f29\" data-height=\"10\" data-height-mobile=\"10\" data-height-tab=\"10\" data-height-tab-portrait=\"10\" data-height-mobile-landscape=\"10\" style=\"clear:both;display:block;\"><\/div>[vc_single_image image=&#8221;155887&#8243; img_size=&#8221;270&#215;585&#8243; alignment=&#8221;center&#8221; css=&#8221;&#8221;][vc_empty_space height=&#8221;64px&#8221;][\/vc_column][vc_column width=&#8221;1\/2&#8243;][vc_empty_space][vc_empty_space height=&#8221;150px&#8221;][vc_column_text css=&#8221;&#8221;]\r\n<h2 style=\"text-align: center;\"><strong>Macro-urile<\/strong><\/h2>\r\n<h5 style=\"text-align: center;\">Crea\u021bi noi puncte pentru construc\u021bie direct pe teren cu u\u0219urin\u021b\u0103.<\/h5>\r\n[\/vc_column_text]<div class=\"ult-spacer spacer-69e05af621f67\" data-id=\"69e05af621f67\" data-height=\"10\" data-height-mobile=\"10\" data-height-tab=\"10\" data-height-tab-portrait=\"10\" data-height-mobile-landscape=\"10\" style=\"clear:both;display:block;\"><\/div>[\/vc_column][\/vc_row][vc_row][vc_column width=&#8221;1\/2&#8243;][vc_single_image image=&#8221;155891&#8243; img_size=&#8221;150&#215;150&#8243; alignment=&#8221;center&#8221; css=&#8221;&#8221;][vc_column_text]\r\n<h3 style=\"text-align: center;\"><strong style=\"color: darkblue;\">Modul GNSS RTK<\/strong><\/h3>\r\n<h6 style=\"text-align: center;\">ProTrack accept\u0103 tehnologia RTK pentru a oferi pozi\u021bionare \u00een centimetri \u00een timp real. Folosind corec\u021bii diferen\u021biale de la sta\u021biile de referin\u021b\u0103 GNSS, modulul permite o pozi\u021bionare foarte precis\u0103.<\/h6>\r\n[\/vc_column_text][\/vc_column][vc_column width=&#8221;1\/2&#8243;][vc_single_image image=&#8221;155895&#8243; img_size=&#8221;250&#215;150&#8243; alignment=&#8221;center&#8221; css=&#8221;&#8221;][vc_column_text]\r\n<h3 style=\"text-align: center;\"><strong style=\"color: darkblue;\">Suport GNSS cu mai multe constela\u021bii<\/strong><\/h3>\r\n<h6 style=\"text-align: center;\">Modulul este compatibil cu cele mai r\u0103sp\u00e2ndite \u0219i utilizate constela\u021bii GNSS. Aceasta asigur\u0103 o acoperire satelitar\u0103 superioar\u0103 \u0219i garanteaz\u0103 o acurate\u021be ridicat\u0103 chiar \u0219i \u00een condi\u021bii dificile sau medii critice.<\/h6>\r\n[\/vc_column_text][\/vc_column][\/vc_row][vc_row][vc_column width=&#8221;1\/2&#8243;][vc_single_image image=&#8221;155899&#8243; img_size=&#8221;150&#215;150&#8243; alignment=&#8221;center&#8221; css=&#8221;&#8221;][vc_column_text]\r\n<h3 style=\"text-align: center;\"><strong style=\"color: darkblue;\">Anten\u0103 Multi-Band integrat\u0103<\/strong><\/h3>\r\n<h6 style=\"text-align: center;\">Antena GNSS integrat\u0103 asigur\u0103 o recep\u021bie excelent\u0103, permi\u021b\u00e2nd receptorului s\u0103 proceseze semnale de la diverse constela\u021bii de sateli\u021bi, precum GPS, GLONASS, Galileo, BeiDou \u0219i QZSS, pentru o determinare extrem de precis\u0103 a pozi\u021biei.<\/h6>\r\n[\/vc_column_text][\/vc_column][vc_column width=&#8221;1\/2&#8243;][vc_single_image image=&#8221;155903&#8243; img_size=&#8221;100&#215;150&#8243; alignment=&#8221;center&#8221; css=&#8221;&#8221;][vc_column_text]\r\n<h3 style=\"text-align: center;\"><strong style=\"color: darkblue;\">Mobile APP<\/strong><\/h3>\r\n<h6 style=\"text-align: center;\">Aplica\u021bia Analist Mobile faciliteaz\u0103 gestionarea simplificat\u0103 a instrumentului, \u00een special \u00een etapele de topografie \u0219i monitorizare a punctelor din teren. Aceasta a revolu\u021bionat func\u021bionalitatea tradi\u021bional\u0103 prin introducerea unui flux de lucru complet automatizat.<\/h6>\r\n[\/vc_column_text][vc_empty_space height=&#8221;64px&#8221;][\/vc_column][\/vc_row][vc_row][vc_column][vc_column_text css=&#8221;&#8221;]\r\n<h2 style=\"text-align: center;\"><strong>Solu\u021bia pentru cea mai precis\u0103, rapid\u0103 \u0219i productiv\u0103 Topografie. Chiar \u0219i \u00een\u00a0<\/strong><strong> situa\u021bii dificile.<\/strong><\/h2>\r\n[\/vc_column_text][\/vc_column][\/vc_row][vc_row][vc_column width=&#8221;1\/2&#8243;][vc_empty_space height=&#8221;100&#8243;][vc_column_text]\r\n<h2 style=\"text-align: center;\"><em><strong>GPS ProTrack<\/strong><\/em><\/h2>\r\n<h6 style=\"text-align: center;\"><strong>Conceput pentru a oferi profesioni\u0219tilor un instrument u\u0219or de utilizat, care garanteaz\u0103 o pozi\u021bionare de \u00eenalt\u0103 precizie. Este ideal pentru domenii \u00een care acurate\u021bea este esen\u021bial\u0103, precum topografia, cartografia, agricultura de precizie, cadastru \u0219i automatizarea industrial\u0103.<\/strong><\/h6>\r\n[\/vc_column_text][\/vc_column][vc_column width=&#8221;1\/2&#8243;][vc_single_image image=&#8221;155907&#8243; img_size=&#8221;large&#8221; alignment=&#8221;center&#8221; css=&#8221;&#8221;][vc_empty_space height=&#8221;64px&#8221;][\/vc_column][\/vc_row][vc_row][vc_column width=&#8221;1\/2&#8243;][vc_single_image image=&#8221;156239&#8243; img_size=&#8221;large&#8221; alignment=&#8221;center&#8221; css=&#8221;&#8221;][vc_empty_space height=&#8221;64px&#8221;][\/vc_column][vc_column width=&#8221;1\/2&#8243;][vc_empty_space height=&#8221;150&#8243;][vc_column_text css=&#8221;&#8221;]\r\n<h2 style=\"text-align: center;\"><em><strong>APP Geostru Analist Mobile<\/strong><\/em><\/h2>\r\n<h6 style=\"text-align: center;\"><strong>U\u0219or de utilizat \u0219i dotat\u0103 cu func\u021bii intuitive, aplica\u021bia Analist Mobile v\u0103 permite s\u0103 organiza\u021bi proiecte, s\u0103 \u00eenc\u0103rca\u021bi h\u0103r\u021bi cadastrale \u00een timp real, s\u0103 realiza\u021bi e\u0219antion\u0103ri \u0219i s\u0103 beneficia\u021bi de fiabilitate maxim\u0103, chiar \u0219i \u00een condi\u021bii de conexiune limitat\u0103.<\/strong><\/h6>\r\n[\/vc_column_text][\/vc_column][\/vc_row][vc_row][vc_column width=&#8221;1\/2&#8243;][vc_empty_space height=&#8221;50px&#8221;][vc_column_text]\r\n<h2 style=\"text-align: center;\"><em><strong>GEOSTRU ANALIST CLOUD 2025<\/strong><\/em><\/h2>\r\n<h6 style=\"text-align: center;\"><strong>Software-ul pentru topografie, bazat pe tehnologia Autodesk, introduce func\u021bii noi dedicate ProTrack: garanteaz\u0103 un nivel excep\u021bional de precizie prin combinarea datelor ob\u021binute din aplica\u021bie \u0219i a celor colectate de GPS. Pentru proiecte de calitate absolut\u0103.<\/strong><\/h6>\r\n[\/vc_column_text][\/vc_column][vc_column width=&#8221;1\/2&#8243;][vc_single_image image=&#8221;156243&#8243; img_size=&#8221;large&#8221; alignment=&#8221;center&#8221; css=&#8221;&#8221;][vc_empty_space height=&#8221;64px&#8221;][\/vc_column][\/vc_row][vc_row][vc_column][vc_column_text css=&#8221;&#8221;]\r\n<h2 style=\"text-align: center;\"><strong>GPS ProTrack este \u00een continu\u0103 evolu\u021bie.<\/strong><\/h2>\r\n[\/vc_column_text][vc_empty_space height=&#8221;100px&#8221;][\/vc_column][\/vc_row][vc_row][vc_column width=&#8221;1\/2&#8243;][vc_single_image image=&#8221;155915&#8243; img_size=&#8221;large&#8221; alignment=&#8221;center&#8221; css=&#8221;&#8221;][vc_empty_space height=&#8221;100px&#8221;][\/vc_column][vc_column width=&#8221;1\/2&#8243;][vc_empty_space height=&#8221;64&#8243;][vc_column_text css=&#8221;&#8221;]\r\n<h2 style=\"text-align: center;\"><strong>Iat\u0103 cele mai recente\u00a0caracteristici<\/strong><\/h2>\r\n<h2 style=\"text-align: center;\"><strong>lansate.<\/strong><\/h2>\r\n<h3 style=\"text-align: center;\"><em><strong>Identifica\u021bi punctele \u00eendep\u0103rtate \u0219i ascunse cu precizie, folosind aplica\u021bia Analist Mobile.<\/strong><\/em><\/h3>\r\n<h6 style=\"text-align: center;\"><strong>Aplica\u021bia Mobile este echipat\u0103 cu un nou sistem de triangulare, capabil s\u0103 localizeze puncte \u00eendep\u0103rtate \u0219i inaccesibile, bazat pe algoritmul Levenberg-Marquardt.<\/strong><\/h6>\r\n<h6 style=\"text-align: center;\"><strong>\u00cencep\u00e2nd de la trei puncte de referin\u021b\u0103, aceasta permite identificarea \u0219i determinarea unor puncte inaccesibile, \u00een timpul unui sondaj pe teren realizat cu ajutorul GPS-ului ProTrack.<\/strong><\/h6>\r\n[\/vc_column_text][\/vc_column][\/vc_row][vc_row][vc_column width=&#8221;1\/2&#8243;][vc_column_text css=&#8221;&#8221;]\r\n<h3 style=\"text-align: center;\"><em><strong>Partaja\u021bi datele cu un singur clic. Cu &#8220;GeoStru Analist Plus&#8221;.<\/strong><\/em><\/h3>\r\n<h6 style=\"text-align: center;\"><strong>Plus este noul modul al software-ului, conceput pentru a partaja datele sondajului direct \u00een cloud, facilit\u00e2nd colaborarea cu echipa de lucru.<\/strong><\/h6>\r\n<h6 style=\"text-align: center;\"><strong>Cu Plus, po\u021bi \u00eemp\u0103rt\u0103\u0219i proiectele \u0219i progresul acestora printr-un simplu link accesibil de pe dispozitivul t\u0103u mobil, cre\u00e2nd un mediu colaborativ. Modulul aduce topografia direct pe smartphone-ul t\u0103u \u0219i permite integrarea datelor provenite din sondaje efectuate cu diferite instrumente.<\/strong><\/h6>\r\n[\/vc_column_text][vc_empty_space height=&#8221;64px&#8221;][\/vc_column][vc_column width=&#8221;1\/2&#8243;][vc_single_image image=&#8221;156247&#8243; img_size=&#8221;large&#8221; alignment=&#8221;center&#8221; css=&#8221;&#8221;][\/vc_column][\/vc_row]<\/div>\r\n<\/div><\/div>","protected":false},"excerpt":{"rendered":"<p class=\"wp-block-heading\">ProTrack GPS adaug\u0103 precizie \u0219i u\u0219urin\u021b\u0103 \u00een utilizare muncii dvs. de teren.<\/p>\n<p>U\u0219urin\u021b\u0103 \u00een utilizare \u0219i precizie, GPS-ul ProTrack a revolu\u021bionat domeniul topografiei.<\/p>\n","protected":false},"featured_media":156267,"comment_status":"closed","ping_status":"closed","template":"","meta":[],"product_cat":[13538],"product_tag":[13543],"class_list":{"0":"post-156263","1":"product","2":"type-product","3":"status-publish","4":"has-post-thumbnail","6":"product_cat-software-and-technical-instrumentation","7":"product_tag-gps-en","8":"description-off","10":"first","11":"instock","12":"sale","13":"taxable","14":"shipping-taxable","15":"purchasable","16":"product-type-simple"},"yoast_head":"<!-- This site is optimized with the Yoast SEO Premium plugin v25.0 (Yoast SEO v25.0) - https:\/\/yoast.com\/wordpress\/plugins\/seo\/ -->\n<title>ProTrack GPS - GeoStru EU<\/title>\n<meta name=\"description\" content=\"GeoStru ProTrack, cel mai intuitiv GPS de pe pia\u021b\u0103. ProTrack GPS adaug\u0103 precizie \u0219i u\u0219urin\u021b\u0103 \u00een utilizare muncii dvs. de teren.\" \/>\n<meta name=\"robots\" content=\"index, follow, max-snippet:-1, max-image-preview:large, max-video-preview:-1\" \/>\n<link rel=\"canonical\" href=\"https:\/\/www.geostru.eu\/en\/shop\/software-and-technical-instrumentation\/protrack-gps\/\" \/>\n<meta property=\"og:locale\" content=\"en_US\" \/>\n<meta property=\"og:type\" content=\"article\" \/>\n<meta property=\"og:title\" content=\"ProTrack GPS\" \/>\n<meta property=\"og:description\" content=\"GeoStru ProTrack, cel mai intuitiv GPS de pe pia\u021b\u0103. ProTrack GPS adaug\u0103 precizie \u0219i u\u0219urin\u021b\u0103 \u00een utilizare muncii dvs. de teren.\" \/>\n<meta property=\"og:url\" content=\"https:\/\/www.geostru.eu\/en\/shop\/software-and-technical-instrumentation\/protrack-gps\/\" \/>\n<meta property=\"og:site_name\" content=\"GeoStru EU\" \/>\n<meta property=\"article:publisher\" content=\"https:\/\/www.facebook.com\/GeoStruSoftware\/\" \/>\n<meta property=\"article:modified_time\" content=\"2025-02-10T15:48:33+00:00\" \/>\n<meta property=\"og:image\" content=\"https:\/\/www.geostru.eu\/wp-content\/uploads\/2025\/02\/pro-track-geostru3-1.png\" \/>\n\t<meta property=\"og:image:width\" content=\"1090\" \/>\n\t<meta property=\"og:image:height\" content=\"604\" \/>\n\t<meta property=\"og:image:type\" content=\"image\/png\" \/>\n<meta name=\"twitter:card\" content=\"summary_large_image\" \/>\n<meta name=\"twitter:site\" content=\"@geostru\" \/>\n<meta name=\"twitter:label1\" content=\"Price\" \/>\n\t<meta name=\"twitter:data1\" content=\"&euro;2,490.00 exc. VAT\" \/>\n\t<meta name=\"twitter:label2\" content=\"Availability\" \/>\n\t<meta name=\"twitter:data2\" content=\"In stock\" \/>\n<script type=\"application\/ld+json\" class=\"yoast-schema-graph\">{\"@context\":\"https:\/\/schema.org\",\"@graph\":[{\"@type\":\"WebPage\",\"@id\":\"https:\/\/www.geostru.eu\/en\/shop\/software-and-technical-instrumentation\/protrack-gps\/\",\"url\":\"https:\/\/www.geostru.eu\/en\/shop\/software-and-technical-instrumentation\/protrack-gps\/\",\"name\":\"ProTrack GPS - GeoStru EU\",\"isPartOf\":{\"@id\":\"https:\/\/www.geostru.eu\/en\/#website\"},\"primaryImageOfPage\":{\"@id\":\"https:\/\/www.geostru.eu\/en\/shop\/software-and-technical-instrumentation\/protrack-gps\/#primaryimage\"},\"image\":{\"@id\":\"https:\/\/www.geostru.eu\/en\/shop\/software-and-technical-instrumentation\/protrack-gps\/#primaryimage\"},\"thumbnailUrl\":\"https:\/\/www.geostru.eu\/wp-content\/uploads\/2025\/02\/pro-track-geostru3-1.png\",\"datePublished\":\"2025-02-10T15:09:51+00:00\",\"dateModified\":\"2025-02-10T15:48:33+00:00\",\"description\":\"GeoStru ProTrack, cel mai intuitiv GPS de pe pia\u021b\u0103. ProTrack GPS adaug\u0103 precizie \u0219i u\u0219urin\u021b\u0103 \u00een utilizare muncii dvs. de teren.\",\"breadcrumb\":{\"@id\":\"https:\/\/www.geostru.eu\/en\/shop\/software-and-technical-instrumentation\/protrack-gps\/#breadcrumb\"},\"inLanguage\":\"en-US\",\"potentialAction\":[{\"@type\":\"ReadAction\",\"target\":[\"https:\/\/www.geostru.eu\/en\/shop\/software-and-technical-instrumentation\/protrack-gps\/\"]}]},{\"@type\":\"ImageObject\",\"inLanguage\":\"en-US\",\"@id\":\"https:\/\/www.geostru.eu\/en\/shop\/software-and-technical-instrumentation\/protrack-gps\/#primaryimage\",\"url\":\"https:\/\/www.geostru.eu\/wp-content\/uploads\/2025\/02\/pro-track-geostru3-1.png\",\"contentUrl\":\"https:\/\/www.geostru.eu\/wp-content\/uploads\/2025\/02\/pro-track-geostru3-1.png\",\"width\":1090,\"height\":604,\"caption\":\"protrack gps geostru\"},{\"@type\":\"BreadcrumbList\",\"@id\":\"https:\/\/www.geostru.eu\/en\/shop\/software-and-technical-instrumentation\/protrack-gps\/#breadcrumb\",\"itemListElement\":[{\"@type\":\"ListItem\",\"position\":1,\"name\":\"Home\",\"item\":\"https:\/\/www.geostru.eu\/en\/\"},{\"@type\":\"ListItem\",\"position\":2,\"name\":\"Shop\",\"item\":\"https:\/\/www.geostru.eu\/shop\/?lang=en\"},{\"@type\":\"ListItem\",\"position\":3,\"name\":\"ProTrack GPS\"}]},{\"@type\":\"WebSite\",\"@id\":\"https:\/\/www.geostru.eu\/en\/#website\",\"url\":\"https:\/\/www.geostru.eu\/en\/\",\"name\":\"GeoStru EU\",\"description\":\"Professionals at your service\",\"publisher\":{\"@id\":\"https:\/\/www.geostru.eu\/en\/#organization\"},\"potentialAction\":[{\"@type\":\"SearchAction\",\"target\":{\"@type\":\"EntryPoint\",\"urlTemplate\":\"https:\/\/www.geostru.eu\/en\/?s={search_term_string}\"},\"query-input\":{\"@type\":\"PropertyValueSpecification\",\"valueRequired\":true,\"valueName\":\"search_term_string\"}}],\"inLanguage\":\"en-US\"},{\"@type\":\"Organization\",\"@id\":\"https:\/\/www.geostru.eu\/en\/#organization\",\"name\":\"GeoStru EU\",\"url\":\"https:\/\/www.geostru.eu\/en\/\",\"logo\":{\"@type\":\"ImageObject\",\"inLanguage\":\"en-US\",\"@id\":\"https:\/\/www.geostru.eu\/en\/#\/schema\/logo\/image\/\",\"url\":\"https:\/\/www.geostru.eu\/wp-content\/uploads\/2023\/02\/LOGO_GEOSTRU_educational_banner.png\",\"contentUrl\":\"https:\/\/www.geostru.eu\/wp-content\/uploads\/2023\/02\/LOGO_GEOSTRU_educational_banner.png\",\"width\":363,\"height\":115,\"caption\":\"GeoStru EU\"},\"image\":{\"@id\":\"https:\/\/www.geostru.eu\/en\/#\/schema\/logo\/image\/\"},\"sameAs\":[\"https:\/\/www.facebook.com\/GeoStruSoftware\/\",\"https:\/\/x.com\/geostru\",\"https:\/\/www.linkedin.com\/company\/2462488\/admin\/\",\"https:\/\/www.instagram.com\/geostru\/\"]}]}<\/script>\n<meta property=\"product:brand\" content=\"Software and technical instrumentation\" \/>\n<meta property=\"product:price:amount\" content=\"2490.00\" \/>\n<meta property=\"product:price:currency\" content=\"EUR\" \/>\n<meta property=\"og:availability\" content=\"instock\" \/>\n<meta property=\"product:availability\" content=\"instock\" \/>\n<meta property=\"product:retailer_item_id\" content=\"81\" \/>\n<meta property=\"product:condition\" content=\"new\" \/>\n<!-- \/ Yoast SEO Premium plugin. -->","yoast_head_json":{"title":"ProTrack GPS - GeoStru EU","description":"GeoStru ProTrack, cel mai intuitiv GPS de pe pia\u021b\u0103. ProTrack GPS adaug\u0103 precizie \u0219i u\u0219urin\u021b\u0103 \u00een utilizare muncii dvs. de teren.","robots":{"index":"index","follow":"follow","max-snippet":"max-snippet:-1","max-image-preview":"max-image-preview:large","max-video-preview":"max-video-preview:-1"},"canonical":"https:\/\/www.geostru.eu\/en\/shop\/software-and-technical-instrumentation\/protrack-gps\/","og_locale":"en_US","og_type":"article","og_title":"ProTrack GPS","og_description":"GeoStru ProTrack, cel mai intuitiv GPS de pe pia\u021b\u0103. ProTrack GPS adaug\u0103 precizie \u0219i u\u0219urin\u021b\u0103 \u00een utilizare muncii dvs. de teren.","og_url":"https:\/\/www.geostru.eu\/en\/shop\/software-and-technical-instrumentation\/protrack-gps\/","og_site_name":"GeoStru EU","article_publisher":"https:\/\/www.facebook.com\/GeoStruSoftware\/","article_modified_time":"2025-02-10T15:48:33+00:00","og_image":[{"width":1090,"height":604,"url":"https:\/\/www.geostru.eu\/wp-content\/uploads\/2025\/02\/pro-track-geostru3-1.png","type":"image\/png"}],"twitter_card":"summary_large_image","twitter_site":"@geostru","twitter_misc":{"Price":"&euro;2,490.00 exc. VAT","Availability":"In stock"},"schema":{"@context":"https:\/\/schema.org","@graph":[{"@type":"WebPage","@id":"https:\/\/www.geostru.eu\/en\/shop\/software-and-technical-instrumentation\/protrack-gps\/","url":"https:\/\/www.geostru.eu\/en\/shop\/software-and-technical-instrumentation\/protrack-gps\/","name":"ProTrack GPS - GeoStru EU","isPartOf":{"@id":"https:\/\/www.geostru.eu\/en\/#website"},"primaryImageOfPage":{"@id":"https:\/\/www.geostru.eu\/en\/shop\/software-and-technical-instrumentation\/protrack-gps\/#primaryimage"},"image":{"@id":"https:\/\/www.geostru.eu\/en\/shop\/software-and-technical-instrumentation\/protrack-gps\/#primaryimage"},"thumbnailUrl":"https:\/\/www.geostru.eu\/wp-content\/uploads\/2025\/02\/pro-track-geostru3-1.png","datePublished":"2025-02-10T15:09:51+00:00","dateModified":"2025-02-10T15:48:33+00:00","description":"GeoStru ProTrack, cel mai intuitiv GPS de pe pia\u021b\u0103. ProTrack GPS adaug\u0103 precizie \u0219i u\u0219urin\u021b\u0103 \u00een utilizare muncii dvs. de teren.","breadcrumb":{"@id":"https:\/\/www.geostru.eu\/en\/shop\/software-and-technical-instrumentation\/protrack-gps\/#breadcrumb"},"inLanguage":"en-US","potentialAction":[{"@type":"ReadAction","target":["https:\/\/www.geostru.eu\/en\/shop\/software-and-technical-instrumentation\/protrack-gps\/"]}]},{"@type":"ImageObject","inLanguage":"en-US","@id":"https:\/\/www.geostru.eu\/en\/shop\/software-and-technical-instrumentation\/protrack-gps\/#primaryimage","url":"https:\/\/www.geostru.eu\/wp-content\/uploads\/2025\/02\/pro-track-geostru3-1.png","contentUrl":"https:\/\/www.geostru.eu\/wp-content\/uploads\/2025\/02\/pro-track-geostru3-1.png","width":1090,"height":604,"caption":"protrack gps geostru"},{"@type":"BreadcrumbList","@id":"https:\/\/www.geostru.eu\/en\/shop\/software-and-technical-instrumentation\/protrack-gps\/#breadcrumb","itemListElement":[{"@type":"ListItem","position":1,"name":"Home","item":"https:\/\/www.geostru.eu\/en\/"},{"@type":"ListItem","position":2,"name":"Shop","item":"https:\/\/www.geostru.eu\/shop\/?lang=en"},{"@type":"ListItem","position":3,"name":"ProTrack GPS"}]},{"@type":"WebSite","@id":"https:\/\/www.geostru.eu\/en\/#website","url":"https:\/\/www.geostru.eu\/en\/","name":"GeoStru EU","description":"Professionals at your service","publisher":{"@id":"https:\/\/www.geostru.eu\/en\/#organization"},"potentialAction":[{"@type":"SearchAction","target":{"@type":"EntryPoint","urlTemplate":"https:\/\/www.geostru.eu\/en\/?s={search_term_string}"},"query-input":{"@type":"PropertyValueSpecification","valueRequired":true,"valueName":"search_term_string"}}],"inLanguage":"en-US"},{"@type":"Organization","@id":"https:\/\/www.geostru.eu\/en\/#organization","name":"GeoStru EU","url":"https:\/\/www.geostru.eu\/en\/","logo":{"@type":"ImageObject","inLanguage":"en-US","@id":"https:\/\/www.geostru.eu\/en\/#\/schema\/logo\/image\/","url":"https:\/\/www.geostru.eu\/wp-content\/uploads\/2023\/02\/LOGO_GEOSTRU_educational_banner.png","contentUrl":"https:\/\/www.geostru.eu\/wp-content\/uploads\/2023\/02\/LOGO_GEOSTRU_educational_banner.png","width":363,"height":115,"caption":"GeoStru EU"},"image":{"@id":"https:\/\/www.geostru.eu\/en\/#\/schema\/logo\/image\/"},"sameAs":["https:\/\/www.facebook.com\/GeoStruSoftware\/","https:\/\/x.com\/geostru","https:\/\/www.linkedin.com\/company\/2462488\/admin\/","https:\/\/www.instagram.com\/geostru\/"]}]},"product_brand":"Software and technical instrumentation","product_price_amount":"2490.00","product_price_currency":"EUR","og_availability":"instock","product_availability":"instock","product_retailer_item_id":"81","product_condition":"new"},"_links":{"self":[{"href":"https:\/\/www.geostru.eu\/en\/wp-json\/wp\/v2\/product\/156263"}],"collection":[{"href":"https:\/\/www.geostru.eu\/en\/wp-json\/wp\/v2\/product"}],"about":[{"href":"https:\/\/www.geostru.eu\/en\/wp-json\/wp\/v2\/types\/product"}],"replies":[{"embeddable":true,"href":"https:\/\/www.geostru.eu\/en\/wp-json\/wp\/v2\/comments?post=156263"}],"wp:featuredmedia":[{"embeddable":true,"href":"https:\/\/www.geostru.eu\/en\/wp-json\/wp\/v2\/media\/156267"}],"wp:attachment":[{"href":"https:\/\/www.geostru.eu\/en\/wp-json\/wp\/v2\/media?parent=156263"}],"wp:term":[{"taxonomy":"product_cat","embeddable":true,"href":"https:\/\/www.geostru.eu\/en\/wp-json\/wp\/v2\/product_cat?post=156263"},{"taxonomy":"product_tag","embeddable":true,"href":"https:\/\/www.geostru.eu\/en\/wp-json\/wp\/v2\/product_tag?post=156263"}],"curies":[{"name":"wp","href":"https:\/\/api.w.org\/{rel}","templated":true}]}}