{"id":13216,"date":"2015-06-03T10:29:26","date_gmt":"2015-06-03T08:29:26","guid":{"rendered":"https:\/\/www.geostru.eu\/?post_type=product&#038;p=13216"},"modified":"2026-04-23T17:58:32","modified_gmt":"2026-04-23T15:58:32","slug":"sezioni-rinforzate-in-c-a-rc-sec-frp","status":"publish","type":"product","link":"https:\/\/www.geostru.eu\/en\/shop\/software-en\/sezioni-rinforzate-in-c-a-rc-sec-frp\/","title":{"rendered":"Sezioni rinforzate in C.A. &#8211; RC-SEC-FRP"},"content":{"rendered":"<p>Il programma affronta l\u2019analisi delle seguenti classi di problemi:<\/p>\n<p>Verifiche di resistenza.<\/p>\n<p>Sono svolte a flessione semplice e composta per sezioni esistenti rinforzate e non rinforzate nel caso di intervento di riparazione o locale (\u00a7 8.4.1 NTC) o nel caso di calcolo elastico della intera struttura con fattore di comportamento q. Le verifiche di resistenza a taglio possono invece essere utilizzate anche nel calcolo non lineare (pushover) in cui le verifiche di resistenza flessionale sono sostituite da verifiche di deformabilit\u00e0. Pi\u00f9 precisamente le verifiche di resistenza effettuate dall\u2019applicazione sono:<\/p>\n<ul>\n<li>Verifiche di resistenza (SLU) in presso-tenso flessione retta o deviata<\/li>\n<li>Domini di interazione (della sezione iniziale e di quella rinforzata) N-Mx per sezioni in flessione retta e Mx-My per flessione deviata (calcolo e rappresentazione grafica)<\/li>\n<li>Verifica a taglio delle staffe (esistenti + eventuali nuove assegnate o fasciature FRP) per taglio retto e biassiale<\/li>\n<li>Verifica a torsione per sezioni (anche cave) rettangolari, poligonali o circolari rinforzate con FRP<\/li>\n<\/ul>\n<p>Calcolo di duttilit\u00e0 in curvatura.<br \/>\nIl calcolo di duttilit\u00e0 \u00e8 svolto, sia per la sezione prima del rinforzo sia per la sezione rinforzata, mediante costruzione del diagramma momenti-curvature (anche in flessione deviata) tenendo conto, nel caso di rinforzo confinante, della rottura prematura del calcestruzzo di copriferro. Per il conglomerato confinato viene impiegato il diagramma tensioni-deformazioni previsto nel \u00a7 4.1.2.1.2.1 delle NTC 2018, mentre, per il calcestruzzo non confinato, il diagramma di resistenza \u00e8 quello solito parabola-rettangolo non confinato. Il calcolo pu\u00f2 essere svolto in due differenti modalit\u00e0:<\/p>\n<ul>\n<li>Sulla base dei valori di resistenza di progetto dei materiali se la sezione \u00e8 afferente ad un calcolo lineare con fattore di comportamento q &gt; 1,5; in tal caso si ottiene il fattore di duttilit\u00e0 in curvatura in termini di capacit\u00e0 da confrontare con quello di domanda (\u00a77.3.3.3).<\/li>\n<li>Sulla base dei valori di resistenza medi dei materiali se la sezione si riferisce ad un calcolo non lineare (pushover); in questo calcolo si utilizzano i calcolati valori di snervamento ed ultimi della duttilit\u00e0 in curvatura per valutare i corrispondenti valori di rotazione alla corda \u03b8<sub>y<\/sub> e \u03b8<sub>u<\/sub> da impiegare nel calcolo di deformazione non lineare (\u00a7C8.7.2.3).<\/li>\n<\/ul>\n<p>Alle sezioni iniziali in c.a. appartenenti ad edifici esistenti \u00e8 possibile applicare i seguenti tipi di rinforzo:<\/p>\n<ul>\n<li>Solette in c.a. armate con nuove barre in acciaio (con il calcolo dello scorrimento da assorbire dai connettori per il collegamento a taglio con la sezione originaria)<\/li>\n<li>Placcaggi in lamine di acciaio per il rinforzo a flessione<\/li>\n<li>Tessuti o lamine in FRP per il rinforzo a flessione, taglio, confinamento<\/li>\n<li>Incamiciatura in c.a. per rinforzo a taglio, confinamento e\/o a presso-flessione di pilastri rettangolari, circolari, poligonali<\/li>\n<li>Cerchiatura con angolari e bande\/nastri per il rinforzo a taglio e\/o confinamento per incrementare la duttilit\u00e0 di pilastri rettangolari.<\/li>\n<\/ul>\n<p>Possono essere analizzate sezioni iniziali di qualsiasi forma, da quelle pi\u00f9 comuni predefinite in flessione retta (rettangolari, a T, T doppio, ad L, circolari) a quelle pi\u00f9 complesse anche in flessione deviata (a contorno poligonale costituite da uno o pi\u00f9 domini di conglomerato, miste). In flessione retta possono essere esaminate, tra le altre, anche sezioni precompresse rinforzate o meno, eventualmente dotate di soletta di secondo getto, con armature precompresse delle quali occorre fornire direttamente la tensione al tiro ed a perdite esaurite. Per alcuni tipi di rinforzo la forma delle sezioni \u00e8 ristretta (dalle indicazioni normative) solo ad alcune tipologie. Ad esempio per la cerchiatura con angolari e bande la sezione deve essere rettangolare; per il confinamento con FRP deve essere circolare, rettangolare o poligonale, ecc..<\/p>\n<p>&nbsp;<\/p>\n<p>&nbsp;<\/p>\n<p>&nbsp;<\/p>\n","protected":false},"excerpt":{"rendered":"<p>Verifiche di resistenza e duttilit\u00e0 delle sezioni in c.a. di travi e pilastri sia non rinforzate che rinforzate appartenenti ad edifici in c.a. esistenti, secondo le indicazioni contenute nel capitolo 8 delle <strong>NTC 2018<\/strong> e nelle Linee Guida LLPP 24\/07\/2009 sui rinforzi con FRP. Le sezioni possono essere rinforzate con FRP, camicie in c.a. o in acciaio, solette in c.a., con lamine in acciaio di placcaggio, con nastri pretesi o bande di confinamento. Possono essere esaminate anche sezioni precompresse rinforzate. Le verifiche di duttilit\u00e0 sono svolte in modalit\u00e0 esplicita mediante costruzione del diagramma momenti-curvature.<\/p>\n","protected":false},"featured_media":1927,"comment_status":"open","ping_status":"closed","template":"","meta":[],"product_cat":[198,14],"product_tag":[483,471],"class_list":{"0":"post-13216","1":"product","2":"type-product","3":"status-publish","4":"has-post-thumbnail","6":"product_cat-software-en","7":"product_cat-structures-software","8":"product_tag-rc-sec-frp-2","9":"product_tag-reinforced-sections","10":"description-off","12":"first","13":"instock","14":"downloadable","15":"virtual","16":"sold-individually","17":"taxable","18":"purchasable","19":"product-type-licensed"},"yoast_head":"<!-- This site is optimized with the Yoast SEO Premium plugin v25.0 (Yoast SEO v25.0) - https:\/\/yoast.com\/wordpress\/plugins\/seo\/ -->\n<title>Sezioni rinforzate in c.a. - RC-SEC-FRP<\/title>\n<meta name=\"description\" content=\"Calcolo sezioni rinforzate in c.a. di travi e pilastri appartenenti ad edifici in c.a. esistenti da rinforzare localmente, migliorare o adeguare a normativa\" \/>\n<meta name=\"robots\" content=\"index, follow, max-snippet:-1, max-image-preview:large, max-video-preview:-1\" \/>\n<link rel=\"canonical\" href=\"https:\/\/www.geostru.eu\/en\/shop\/software-en\/sezioni-rinforzate-in-c-a-rc-sec-frp\/\" \/>\n<meta property=\"og:locale\" content=\"en_US\" \/>\n<meta property=\"og:type\" content=\"article\" \/>\n<meta property=\"og:title\" content=\"Sezioni rinforzate in C.A. - RC-SEC-FRP\" \/>\n<meta property=\"og:description\" content=\"Calcolo sezioni rinforzate in c.a. di travi e pilastri appartenenti ad edifici in c.a. esistenti da rinforzare localmente, migliorare o adeguare a normativa\" \/>\n<meta property=\"og:url\" content=\"https:\/\/www.geostru.eu\/en\/shop\/software-en\/sezioni-rinforzate-in-c-a-rc-sec-frp\/\" \/>\n<meta property=\"og:site_name\" content=\"GeoStru EU\" \/>\n<meta property=\"article:publisher\" content=\"https:\/\/www.facebook.com\/GeoStruSoftware\/\" \/>\n<meta property=\"article:modified_time\" content=\"2026-04-23T15:58:32+00:00\" \/>\n<meta property=\"og:image\" content=\"https:\/\/www.geostru.eu\/wp-content\/uploads\/2014\/06\/RC_SEC_FRP_1_800.png\" \/>\n\t<meta property=\"og:image:width\" content=\"800\" \/>\n\t<meta property=\"og:image:height\" content=\"433\" \/>\n\t<meta property=\"og:image:type\" content=\"image\/png\" \/>\n<meta name=\"twitter:card\" content=\"summary_large_image\" \/>\n<meta name=\"twitter:site\" content=\"@geostru\" \/>\n<meta name=\"twitter:label1\" content=\"Price\" \/>\n\t<meta name=\"twitter:data1\" content=\"&euro;390.00 exc. VAT\" \/>\n\t<meta name=\"twitter:label2\" content=\"Availability\" \/>\n\t<meta name=\"twitter:data2\" content=\"In stock\" \/>\n<script type=\"application\/ld+json\" class=\"yoast-schema-graph\">{\"@context\":\"https:\/\/schema.org\",\"@graph\":[{\"@type\":\"WebPage\",\"@id\":\"https:\/\/www.geostru.eu\/en\/shop\/software-en\/sezioni-rinforzate-in-c-a-rc-sec-frp\/\",\"url\":\"https:\/\/www.geostru.eu\/en\/shop\/software-en\/sezioni-rinforzate-in-c-a-rc-sec-frp\/\",\"name\":\"Sezioni rinforzate in c.a. - RC-SEC-FRP\",\"isPartOf\":{\"@id\":\"https:\/\/www.geostru.eu\/en\/#website\"},\"primaryImageOfPage\":{\"@id\":\"https:\/\/www.geostru.eu\/en\/shop\/software-en\/sezioni-rinforzate-in-c-a-rc-sec-frp\/#primaryimage\"},\"image\":{\"@id\":\"https:\/\/www.geostru.eu\/en\/shop\/software-en\/sezioni-rinforzate-in-c-a-rc-sec-frp\/#primaryimage\"},\"thumbnailUrl\":\"https:\/\/www.geostru.eu\/wp-content\/uploads\/2014\/06\/RC_SEC_FRP_1_800.png\",\"datePublished\":\"2015-06-03T08:29:26+00:00\",\"dateModified\":\"2026-04-23T15:58:32+00:00\",\"description\":\"Calcolo sezioni rinforzate in c.a. di travi e pilastri appartenenti ad edifici in c.a. esistenti da rinforzare localmente, migliorare o adeguare a normativa\",\"breadcrumb\":{\"@id\":\"https:\/\/www.geostru.eu\/en\/shop\/software-en\/sezioni-rinforzate-in-c-a-rc-sec-frp\/#breadcrumb\"},\"inLanguage\":\"en-US\",\"potentialAction\":[{\"@type\":\"ReadAction\",\"target\":[\"https:\/\/www.geostru.eu\/en\/shop\/software-en\/sezioni-rinforzate-in-c-a-rc-sec-frp\/\"]}]},{\"@type\":\"ImageObject\",\"inLanguage\":\"en-US\",\"@id\":\"https:\/\/www.geostru.eu\/en\/shop\/software-en\/sezioni-rinforzate-in-c-a-rc-sec-frp\/#primaryimage\",\"url\":\"https:\/\/www.geostru.eu\/wp-content\/uploads\/2014\/06\/RC_SEC_FRP_1_800.png\",\"contentUrl\":\"https:\/\/www.geostru.eu\/wp-content\/uploads\/2014\/06\/RC_SEC_FRP_1_800.png\",\"width\":800,\"height\":433,\"caption\":\"sezioni rinforzate in c.a.\"},{\"@type\":\"BreadcrumbList\",\"@id\":\"https:\/\/www.geostru.eu\/en\/shop\/software-en\/sezioni-rinforzate-in-c-a-rc-sec-frp\/#breadcrumb\",\"itemListElement\":[{\"@type\":\"ListItem\",\"position\":1,\"name\":\"Home\",\"item\":\"https:\/\/www.geostru.eu\/en\/\"},{\"@type\":\"ListItem\",\"position\":2,\"name\":\"Shop\",\"item\":\"https:\/\/www.geostru.eu\/shop\/?lang=en\"},{\"@type\":\"ListItem\",\"position\":3,\"name\":\"Sezioni rinforzate in C.A. &#8211; RC-SEC-FRP\"}]},{\"@type\":\"WebSite\",\"@id\":\"https:\/\/www.geostru.eu\/en\/#website\",\"url\":\"https:\/\/www.geostru.eu\/en\/\",\"name\":\"GeoStru EU\",\"description\":\"Professionals at your service\",\"publisher\":{\"@id\":\"https:\/\/www.geostru.eu\/en\/#organization\"},\"potentialAction\":[{\"@type\":\"SearchAction\",\"target\":{\"@type\":\"EntryPoint\",\"urlTemplate\":\"https:\/\/www.geostru.eu\/en\/?s={search_term_string}\"},\"query-input\":{\"@type\":\"PropertyValueSpecification\",\"valueRequired\":true,\"valueName\":\"search_term_string\"}}],\"inLanguage\":\"en-US\"},{\"@type\":\"Organization\",\"@id\":\"https:\/\/www.geostru.eu\/en\/#organization\",\"name\":\"GeoStru EU\",\"url\":\"https:\/\/www.geostru.eu\/en\/\",\"logo\":{\"@type\":\"ImageObject\",\"inLanguage\":\"en-US\",\"@id\":\"https:\/\/www.geostru.eu\/en\/#\/schema\/logo\/image\/\",\"url\":\"https:\/\/www.geostru.eu\/wp-content\/uploads\/2023\/02\/LOGO_GEOSTRU_educational_banner.png\",\"contentUrl\":\"https:\/\/www.geostru.eu\/wp-content\/uploads\/2023\/02\/LOGO_GEOSTRU_educational_banner.png\",\"width\":363,\"height\":115,\"caption\":\"GeoStru EU\"},\"image\":{\"@id\":\"https:\/\/www.geostru.eu\/en\/#\/schema\/logo\/image\/\"},\"sameAs\":[\"https:\/\/www.facebook.com\/GeoStruSoftware\/\",\"https:\/\/x.com\/geostru\",\"https:\/\/www.linkedin.com\/company\/2462488\/admin\/\",\"https:\/\/www.instagram.com\/geostru\/\"]}]}<\/script>\n<meta property=\"product:brand\" content=\"Software\" \/>\n<meta property=\"product:price:amount\" content=\"390.00\" \/>\n<meta property=\"product:price:currency\" content=\"EUR\" \/>\n<meta property=\"og:availability\" content=\"instock\" \/>\n<meta property=\"product:availability\" content=\"instock\" \/>\n<meta property=\"product:retailer_item_id\" content=\"44\" \/>\n<meta property=\"product:condition\" content=\"new\" \/>\n<!-- \/ Yoast SEO Premium plugin. -->","yoast_head_json":{"title":"Sezioni rinforzate in c.a. - RC-SEC-FRP","description":"Calcolo sezioni rinforzate in c.a. di travi e pilastri appartenenti ad edifici in c.a. esistenti da rinforzare localmente, migliorare o adeguare a normativa","robots":{"index":"index","follow":"follow","max-snippet":"max-snippet:-1","max-image-preview":"max-image-preview:large","max-video-preview":"max-video-preview:-1"},"canonical":"https:\/\/www.geostru.eu\/en\/shop\/software-en\/sezioni-rinforzate-in-c-a-rc-sec-frp\/","og_locale":"en_US","og_type":"article","og_title":"Sezioni rinforzate in C.A. - RC-SEC-FRP","og_description":"Calcolo sezioni rinforzate in c.a. di travi e pilastri appartenenti ad edifici in c.a. esistenti da rinforzare localmente, migliorare o adeguare a normativa","og_url":"https:\/\/www.geostru.eu\/en\/shop\/software-en\/sezioni-rinforzate-in-c-a-rc-sec-frp\/","og_site_name":"GeoStru EU","article_publisher":"https:\/\/www.facebook.com\/GeoStruSoftware\/","article_modified_time":"2026-04-23T15:58:32+00:00","og_image":[{"width":800,"height":433,"url":"https:\/\/www.geostru.eu\/wp-content\/uploads\/2014\/06\/RC_SEC_FRP_1_800.png","type":"image\/png"}],"twitter_card":"summary_large_image","twitter_site":"@geostru","twitter_misc":{"Price":"&euro;390.00 exc. VAT","Availability":"In stock"},"schema":{"@context":"https:\/\/schema.org","@graph":[{"@type":"WebPage","@id":"https:\/\/www.geostru.eu\/en\/shop\/software-en\/sezioni-rinforzate-in-c-a-rc-sec-frp\/","url":"https:\/\/www.geostru.eu\/en\/shop\/software-en\/sezioni-rinforzate-in-c-a-rc-sec-frp\/","name":"Sezioni rinforzate in c.a. - RC-SEC-FRP","isPartOf":{"@id":"https:\/\/www.geostru.eu\/en\/#website"},"primaryImageOfPage":{"@id":"https:\/\/www.geostru.eu\/en\/shop\/software-en\/sezioni-rinforzate-in-c-a-rc-sec-frp\/#primaryimage"},"image":{"@id":"https:\/\/www.geostru.eu\/en\/shop\/software-en\/sezioni-rinforzate-in-c-a-rc-sec-frp\/#primaryimage"},"thumbnailUrl":"https:\/\/www.geostru.eu\/wp-content\/uploads\/2014\/06\/RC_SEC_FRP_1_800.png","datePublished":"2015-06-03T08:29:26+00:00","dateModified":"2026-04-23T15:58:32+00:00","description":"Calcolo sezioni rinforzate in c.a. di travi e pilastri appartenenti ad edifici in c.a. esistenti da rinforzare localmente, migliorare o adeguare a normativa","breadcrumb":{"@id":"https:\/\/www.geostru.eu\/en\/shop\/software-en\/sezioni-rinforzate-in-c-a-rc-sec-frp\/#breadcrumb"},"inLanguage":"en-US","potentialAction":[{"@type":"ReadAction","target":["https:\/\/www.geostru.eu\/en\/shop\/software-en\/sezioni-rinforzate-in-c-a-rc-sec-frp\/"]}]},{"@type":"ImageObject","inLanguage":"en-US","@id":"https:\/\/www.geostru.eu\/en\/shop\/software-en\/sezioni-rinforzate-in-c-a-rc-sec-frp\/#primaryimage","url":"https:\/\/www.geostru.eu\/wp-content\/uploads\/2014\/06\/RC_SEC_FRP_1_800.png","contentUrl":"https:\/\/www.geostru.eu\/wp-content\/uploads\/2014\/06\/RC_SEC_FRP_1_800.png","width":800,"height":433,"caption":"sezioni rinforzate in c.a."},{"@type":"BreadcrumbList","@id":"https:\/\/www.geostru.eu\/en\/shop\/software-en\/sezioni-rinforzate-in-c-a-rc-sec-frp\/#breadcrumb","itemListElement":[{"@type":"ListItem","position":1,"name":"Home","item":"https:\/\/www.geostru.eu\/en\/"},{"@type":"ListItem","position":2,"name":"Shop","item":"https:\/\/www.geostru.eu\/shop\/?lang=en"},{"@type":"ListItem","position":3,"name":"Sezioni rinforzate in C.A. &#8211; RC-SEC-FRP"}]},{"@type":"WebSite","@id":"https:\/\/www.geostru.eu\/en\/#website","url":"https:\/\/www.geostru.eu\/en\/","name":"GeoStru EU","description":"Professionals at your service","publisher":{"@id":"https:\/\/www.geostru.eu\/en\/#organization"},"potentialAction":[{"@type":"SearchAction","target":{"@type":"EntryPoint","urlTemplate":"https:\/\/www.geostru.eu\/en\/?s={search_term_string}"},"query-input":{"@type":"PropertyValueSpecification","valueRequired":true,"valueName":"search_term_string"}}],"inLanguage":"en-US"},{"@type":"Organization","@id":"https:\/\/www.geostru.eu\/en\/#organization","name":"GeoStru EU","url":"https:\/\/www.geostru.eu\/en\/","logo":{"@type":"ImageObject","inLanguage":"en-US","@id":"https:\/\/www.geostru.eu\/en\/#\/schema\/logo\/image\/","url":"https:\/\/www.geostru.eu\/wp-content\/uploads\/2023\/02\/LOGO_GEOSTRU_educational_banner.png","contentUrl":"https:\/\/www.geostru.eu\/wp-content\/uploads\/2023\/02\/LOGO_GEOSTRU_educational_banner.png","width":363,"height":115,"caption":"GeoStru EU"},"image":{"@id":"https:\/\/www.geostru.eu\/en\/#\/schema\/logo\/image\/"},"sameAs":["https:\/\/www.facebook.com\/GeoStruSoftware\/","https:\/\/x.com\/geostru","https:\/\/www.linkedin.com\/company\/2462488\/admin\/","https:\/\/www.instagram.com\/geostru\/"]}]},"product_brand":"Software","product_price_amount":"390.00","product_price_currency":"EUR","og_availability":"instock","product_availability":"instock","product_retailer_item_id":"44","product_condition":"new"},"_links":{"self":[{"href":"https:\/\/www.geostru.eu\/en\/wp-json\/wp\/v2\/product\/13216"}],"collection":[{"href":"https:\/\/www.geostru.eu\/en\/wp-json\/wp\/v2\/product"}],"about":[{"href":"https:\/\/www.geostru.eu\/en\/wp-json\/wp\/v2\/types\/product"}],"replies":[{"embeddable":true,"href":"https:\/\/www.geostru.eu\/en\/wp-json\/wp\/v2\/comments?post=13216"}],"wp:featuredmedia":[{"embeddable":true,"href":"https:\/\/www.geostru.eu\/en\/wp-json\/wp\/v2\/media\/1927"}],"wp:attachment":[{"href":"https:\/\/www.geostru.eu\/en\/wp-json\/wp\/v2\/media?parent=13216"}],"wp:term":[{"taxonomy":"product_cat","embeddable":true,"href":"https:\/\/www.geostru.eu\/en\/wp-json\/wp\/v2\/product_cat?post=13216"},{"taxonomy":"product_tag","embeddable":true,"href":"https:\/\/www.geostru.eu\/en\/wp-json\/wp\/v2\/product_tag?post=13216"}],"curies":[{"name":"wp","href":"https:\/\/api.w.org\/{rel}","templated":true}]}}